{"id":5691,"date":"2021-06-29T09:46:34","date_gmt":"2021-06-29T09:46:34","guid":{"rendered":"https:\/\/ad4screen.com\/livre-blanc-acquisition%e2%80%8b-comk\/"},"modified":"2021-08-27T13:52:17","modified_gmt":"2021-08-27T13:52:17","slug":"livre-blanc-acquisition%e2%80%8b-comk-en","status":"publish","type":"page","link":"https:\/\/ad4screen.com\/en\/livres-blancs\/livre-acquisition%E2%80%8B-comk","title":{"rendered":"livre blanc Acquisition\u200b COMK"},"content":{"rendered":"\t\t<div data-elementor-type=\"wp-page\" data-elementor-id=\"5691\" class=\"elementor elementor-5691 elementor-3869\">\n\t\t\t\t\t\t\t\t\t<section class=\"elementor-section elementor-top-section elementor-element elementor-element-4868fc4 elementor-section-height-min-height elementor-section-boxed elementor-section-height-default elementor-section-items-middle\" data-id=\"4868fc4\" data-element_type=\"section\" data-settings=\"{&quot;background_background&quot;:&quot;slideshow&quot;,&quot;background_slideshow_gallery&quot;:[{&quot;id&quot;:691,&quot;url&quot;:&quot;https:\\\/\\\/ad4screen.com\\\/wp-content\\\/uploads\\\/2021\\\/05\\\/background-header.jpeg&quot;}],&quot;background_slideshow_loop&quot;:&quot;yes&quot;,&quot;background_slideshow_slide_duration&quot;:5000,&quot;background_slideshow_slide_transition&quot;:&quot;fade&quot;,&quot;background_slideshow_transition_duration&quot;:500}\">\n\t\t\t\t\t\t<div class=\"elementor-container elementor-column-gap-default\">\n\t\t\t\t\t<div class=\"elementor-column elementor-col-100 elementor-top-column elementor-element elementor-element-ea6b4da\" data-id=\"ea6b4da\" data-element_type=\"column\">\n\t\t\t<div class=\"elementor-widget-wrap elementor-element-populated\">\n\t\t\t\t\t\t\t\t<div class=\"elementor-element elementor-element-2affd22 elementor-widget elementor-widget-heading\" data-id=\"2affd22\" data-element_type=\"widget\" data-widget_type=\"heading.default\">\n\t\t\t\t<div class=\"elementor-widget-container\">\n\t\t\t<h1 class=\"elementor-heading-title elementor-size-default\">Acquisition\u200b<\/h1>\t\t<\/div>\n\t\t\t\t<\/div>\n\t\t\t\t<div class=\"elementor-element elementor-element-953e4ac elementor-widget elementor-widget-text-editor\" data-id=\"953e4ac\" data-element_type=\"widget\" data-widget_type=\"text-editor.default\">\n\t\t\t\t<div class=\"elementor-widget-container\">\n\t\t\t\t\t\t\tDiscover our Acquisition white paper and generate new qualified leads\t\t\t\t\t\t<\/div>\n\t\t\t\t<\/div>\n\t\t\t\t\t<\/div>\n\t\t<\/div>\n\t\t\t\t\t\t\t<\/div>\n\t\t<\/section>\n\t\t\t\t<section class=\"elementor-section elementor-top-section elementor-element elementor-element-11da8e4 elementor-section-items-stretch elementor-section-height-min-height elementor-section-boxed elementor-section-height-default\" data-id=\"11da8e4\" data-element_type=\"section\" data-settings=\"{&quot;background_background&quot;:&quot;classic&quot;}\">\n\t\t\t\t\t\t\t<div class=\"elementor-background-overlay\"><\/div>\n\t\t\t\t\t\t\t<div class=\"elementor-container elementor-column-gap-default\">\n\t\t\t\t\t<div class=\"elementor-column elementor-col-50 elementor-top-column elementor-element elementor-element-31cd3bf3\" data-id=\"31cd3bf3\" data-element_type=\"column\">\n\t\t\t<div class=\"elementor-widget-wrap elementor-element-populated\">\n\t\t\t\t\t\t\t\t<div class=\"elementor-element elementor-element-3ddf0dde img-popup-asset elementor-widget elementor-widget-image\" data-id=\"3ddf0dde\" data-element_type=\"widget\" data-widget_type=\"image.default\">\n\t\t\t\t<div class=\"elementor-widget-container\">\n\t\t\t\t\t\t\t\t\t\t\t\t\t\t\t<img fetchpriority=\"high\" decoding=\"async\" width=\"600\" height=\"600\" src=\"https:\/\/ad4screen.com\/wp-content\/uploads\/2021\/05\/LB-Acquisition-1.png\" class=\"attachment-large size-large wp-image-5180\" alt=\"\" srcset=\"https:\/\/ad4screen.com\/wp-content\/uploads\/2021\/05\/LB-Acquisition-1.png 600w, https:\/\/ad4screen.com\/wp-content\/uploads\/2021\/05\/LB-Acquisition-1-300x300.png 300w, https:\/\/ad4screen.com\/wp-content\/uploads\/2021\/05\/LB-Acquisition-1-150x150.png 150w\" sizes=\"(max-width: 600px) 100vw, 600px\" \/>\t\t\t\t\t\t\t\t\t\t\t\t\t\t\t<\/div>\n\t\t\t\t<\/div>\n\t\t\t\t<div class=\"elementor-element elementor-element-1487e432 elementor-widget elementor-widget-heading\" data-id=\"1487e432\" data-element_type=\"widget\" data-widget_type=\"heading.default\">\n\t\t\t\t<div class=\"elementor-widget-container\">\n\t\t\t<h2 class=\"elementor-heading-title elementor-size-default\">Acquisition\n<\/h2>\t\t<\/div>\n\t\t\t\t<\/div>\n\t\t\t\t<div class=\"elementor-element elementor-element-49210923 elementor-widget elementor-widget-text-editor\" data-id=\"49210923\" data-element_type=\"widget\" data-widget_type=\"text-editor.default\">\n\t\t\t\t<div class=\"elementor-widget-container\">\n\t\t\t\t\t\t\t<p>Do you want to acquire new leads on mobile? Find out which levers to activate and how to implement a winning strategy to bring qualified leads to you! Download our white paper now!<\/p><p>\u00a0<\/p><p>On the program: <\/p>\t\t\t\t\t\t<\/div>\n\t\t\t\t<\/div>\n\t\t\t\t<div class=\"elementor-element elementor-element-1797df0f elementor-icon-list--layout-traditional elementor-list-item-link-full_width elementor-widget elementor-widget-icon-list\" data-id=\"1797df0f\" data-element_type=\"widget\" data-widget_type=\"icon-list.default\">\n\t\t\t\t<div class=\"elementor-widget-container\">\n\t\t\t\t\t<ul class=\"elementor-icon-list-items\">\n\t\t\t\t\t\t\t<li class=\"elementor-icon-list-item\">\n\t\t\t\t\t\t\t\t\t\t\t<span class=\"elementor-icon-list-icon\">\n\t\t\t\t\t\t\t<i aria-hidden=\"true\" class=\"fas fa-circle\"><\/i>\t\t\t\t\t\t<\/span>\n\t\t\t\t\t\t\t\t\t\t<span class=\"elementor-icon-list-text\">Key figures of the mobile app market<\/span>\n\t\t\t\t\t\t\t\t\t<\/li>\n\t\t\t\t\t\t\t\t<li class=\"elementor-icon-list-item\">\n\t\t\t\t\t\t\t\t\t\t\t<span class=\"elementor-icon-list-icon\">\n\t\t\t\t\t\t\t<i aria-hidden=\"true\" class=\"fas fa-circle\"><\/i>\t\t\t\t\t\t<\/span>\n\t\t\t\t\t\t\t\t\t\t<span class=\"elementor-icon-list-text\">10 tips for a successful app acquisition strategy<\/span>\n\t\t\t\t\t\t\t\t\t<\/li>\n\t\t\t\t\t\t\t\t<li class=\"elementor-icon-list-item\">\n\t\t\t\t\t\t\t\t\t\t\t<span class=\"elementor-icon-list-icon\">\n\t\t\t\t\t\t\t<i aria-hidden=\"true\" class=\"fas fa-circle\"><\/i>\t\t\t\t\t\t<\/span>\n\t\t\t\t\t\t\t\t\t\t<span class=\"elementor-icon-list-text\">Success stories: our customer cases<\/span>\n\t\t\t\t\t\t\t\t\t<\/li>\n\t\t\t\t\t\t<\/ul>\n\t\t\t\t<\/div>\n\t\t\t\t<\/div>\n\t\t\t\t<div class=\"elementor-element elementor-element-e8b7db6 elementor-widget elementor-widget-text-editor\" data-id=\"e8b7db6\" data-element_type=\"widget\" data-widget_type=\"text-editor.default\">\n\t\t\t\t<div class=\"elementor-widget-container\">\n\t\t\t\t\t\t\t<p>This white paper will also give you insights on targeting and audience types to target with CPM, CTR and CPI ranges.<\/p><p>You will also learn how to define your KPIs according to your business and your challenges.<\/p><p>Media levers and the creative aspect will also be addressed to maximize the results of your digital strategy.<\/p>\t\t\t\t\t\t<\/div>\n\t\t\t\t<\/div>\n\t\t\t\t\t<\/div>\n\t\t<\/div>\n\t\t\t\t<div class=\"elementor-column elementor-col-50 elementor-top-column elementor-element elementor-element-2bd8d09d\" data-id=\"2bd8d09d\" data-element_type=\"column\">\n\t\t\t<div class=\"elementor-widget-wrap elementor-element-populated\">\n\t\t\t\t\t\t\t\t<div class=\"elementor-element elementor-element-5d8e5098 form-livre-blanc elementor-widget elementor-widget-shortcode\" data-id=\"5d8e5098\" data-element_type=\"widget\" data-widget_type=\"shortcode.default\">\n\t\t\t\t<div class=\"elementor-widget-container\">\n\t\t\t\t\t<div class=\"elementor-shortcode\">\n\t\t\t\t\t<script>\n\t\t\t\t\t\twindow.hsFormsOnReady = window.hsFormsOnReady || [];\n\t\t\t\t\t\twindow.hsFormsOnReady.push(()=>{\n\t\t\t\t\t\t\thbspt.forms.create({\n\t\t\t\t\t\t\t\tportalId: 2539528,\n\t\t\t\t\t\t\t\tformId: \"4268a0c2-a3f2-473a-82e7-b76a1cc88d7d\",\n\t\t\t\t\t\t\t\ttarget: \"#hbspt-form-1776238309000-6416084604\",\n\t\t\t\t\t\t\t\tregion: \"na1\",\n\t\t\t\t\t\t\t\t\n\t\t\t\t\t\t})});\n\t\t\t\t\t<\/script>\n\t\t\t\t\t<div class=\"hbspt-form\" id=\"hbspt-form-1776238309000-6416084604\"><\/div><\/div>\n\t\t\t\t<\/div>\n\t\t\t\t<\/div>\n\t\t\t\t\t<\/div>\n\t\t<\/div>\n\t\t\t\t\t\t\t<\/div>\n\t\t<\/section>\n\t\t\t\t\t\t\t<\/div>\n\t\t","protected":false},"excerpt":{"rendered":"<p>Acquisition\u200b Discover our Acquisition white paper and generate new qualified leads Acquisition Do you want to acquire new leads on mobile? Find out which levers to activate and how to implement a winning strategy to bring qualified leads to you! Download our white paper now! \u00a0 On the program: Key figures of the mobile app [&hellip;]<\/p>\n","protected":false},"author":2,"featured_media":0,"parent":0,"menu_order":0,"comment_status":"closed","ping_status":"closed","template":"","meta":{"footnotes":""},"class_list":["post-5691","page","type-page","status-publish","hentry"],"yoast_head":"<!-- This site is optimized with the Yoast SEO plugin v24.9 - https:\/\/yoast.com\/wordpress\/plugins\/seo\/ -->\n<title>Livre blanc Acquisition | G\u00e9n\u00e9rez de nouveaux prospects qualifi\u00e9s<\/title>\n<meta name=\"description\" content=\"D\u00e9couvrez notre livre blanc sur l&#039;acquisition et am\u00e9liorez votre strat\u00e9gie en optimisant vos leviers pour g\u00e9n\u00e9rer de nouveaux prospects\" \/>\n<meta name=\"robots\" content=\"index, follow, max-snippet:-1, max-image-preview:large, max-video-preview:-1\" \/>\n<link rel=\"canonical\" href=\"https:\/\/ad4screen.com\/en\/livres-blancs\/livre-acquisition%E2%80%8B-comk\/\" \/>\n<meta property=\"og:locale\" content=\"en_US\" \/>\n<meta property=\"og:type\" content=\"article\" \/>\n<meta property=\"og:title\" content=\"Livre blanc Acquisition | G\u00e9n\u00e9rez de nouveaux prospects qualifi\u00e9s\" \/>\n<meta property=\"og:description\" content=\"D\u00e9couvrez notre livre blanc sur l&#039;acquisition et am\u00e9liorez votre strat\u00e9gie en optimisant vos leviers pour g\u00e9n\u00e9rer de nouveaux prospects\" \/>\n<meta property=\"og:url\" content=\"https:\/\/ad4screen.com\/en\/livres-blancs\/livre-acquisition%E2%80%8B-comk\" \/>\n<meta property=\"og:site_name\" content=\"Ad4screen\" \/>\n<meta property=\"article:publisher\" content=\"https:\/\/www.facebook.com\/AD4SCREEN\" \/>\n<meta property=\"article:modified_time\" content=\"2021-08-27T13:52:17+00:00\" \/>\n<meta property=\"og:image\" content=\"https:\/\/ad4screen.com\/wp-content\/uploads\/2021\/05\/LB-Acquisition-1.png\" \/>\n<meta name=\"twitter:card\" content=\"summary_large_image\" \/>\n<meta name=\"twitter:site\" content=\"@Ad4Screen\" \/>\n<meta name=\"twitter:label1\" content=\"Est. reading time\" \/>\n\t<meta name=\"twitter:data1\" content=\"3 minutes\" \/>\n<script type=\"application\/ld+json\" class=\"yoast-schema-graph\">{\"@context\":\"https:\/\/schema.org\",\"@graph\":[{\"@type\":\"WebPage\",\"@id\":\"https:\/\/ad4screen.com\/en\/livres-blancs\/livre-acquisition%E2%80%8B-comk\",\"url\":\"https:\/\/ad4screen.com\/en\/livres-blancs\/livre-acquisition%E2%80%8B-comk\",\"name\":\"Livre blanc Acquisition | G\u00e9n\u00e9rez de nouveaux prospects qualifi\u00e9s\",\"isPartOf\":{\"@id\":\"https:\/\/ad4screen.com\/#website\"},\"primaryImageOfPage\":{\"@id\":\"https:\/\/ad4screen.com\/en\/livres-blancs\/livre-acquisition%E2%80%8B-comk#primaryimage\"},\"image\":{\"@id\":\"https:\/\/ad4screen.com\/en\/livres-blancs\/livre-acquisition%E2%80%8B-comk#primaryimage\"},\"thumbnailUrl\":\"https:\/\/ad4screen.com\/wp-content\/uploads\/2021\/05\/LB-Acquisition-1.png\",\"datePublished\":\"2021-06-29T09:46:34+00:00\",\"dateModified\":\"2021-08-27T13:52:17+00:00\",\"description\":\"D\u00e9couvrez notre livre blanc sur l'acquisition et am\u00e9liorez votre strat\u00e9gie en optimisant vos leviers pour g\u00e9n\u00e9rer de nouveaux prospects\",\"breadcrumb\":{\"@id\":\"https:\/\/ad4screen.com\/en\/livres-blancs\/livre-acquisition%E2%80%8B-comk#breadcrumb\"},\"inLanguage\":\"en-US\",\"potentialAction\":[{\"@type\":\"ReadAction\",\"target\":[\"https:\/\/ad4screen.com\/en\/livres-blancs\/livre-acquisition%E2%80%8B-comk\"]}]},{\"@type\":\"ImageObject\",\"inLanguage\":\"en-US\",\"@id\":\"https:\/\/ad4screen.com\/en\/livres-blancs\/livre-acquisition%E2%80%8B-comk#primaryimage\",\"url\":\"https:\/\/ad4screen.com\/wp-content\/uploads\/2021\/05\/LB-Acquisition-1.png\",\"contentUrl\":\"https:\/\/ad4screen.com\/wp-content\/uploads\/2021\/05\/LB-Acquisition-1.png\"},{\"@type\":\"BreadcrumbList\",\"@id\":\"https:\/\/ad4screen.com\/en\/livres-blancs\/livre-acquisition%E2%80%8B-comk#breadcrumb\",\"itemListElement\":[{\"@type\":\"ListItem\",\"position\":1,\"name\":\"Accueil\",\"item\":\"https:\/\/ad4screen.com\/en\/\"},{\"@type\":\"ListItem\",\"position\":2,\"name\":\"livre blanc Acquisition\u200b COMK\"}]},{\"@type\":\"WebSite\",\"@id\":\"https:\/\/ad4screen.com\/#website\",\"url\":\"https:\/\/ad4screen.com\/\",\"name\":\"Ad4screen\",\"description\":\"\",\"publisher\":{\"@id\":\"https:\/\/ad4screen.com\/#organization\"},\"potentialAction\":[{\"@type\":\"SearchAction\",\"target\":{\"@type\":\"EntryPoint\",\"urlTemplate\":\"https:\/\/ad4screen.com\/?s={search_term_string}\"},\"query-input\":{\"@type\":\"PropertyValueSpecification\",\"valueRequired\":true,\"valueName\":\"search_term_string\"}}],\"inLanguage\":\"en-US\"},{\"@type\":\"Organization\",\"@id\":\"https:\/\/ad4screen.com\/#organization\",\"name\":\"Ad4screen\",\"url\":\"https:\/\/ad4screen.com\/\",\"logo\":{\"@type\":\"ImageObject\",\"inLanguage\":\"en-US\",\"@id\":\"https:\/\/ad4screen.com\/#\/schema\/logo\/image\/\",\"url\":\"https:\/\/ad4screen.com\/wp-content\/uploads\/2021\/05\/cropped-favicon-1.png\",\"contentUrl\":\"https:\/\/ad4screen.com\/wp-content\/uploads\/2021\/05\/cropped-favicon-1.png\",\"width\":512,\"height\":512,\"caption\":\"Ad4screen\"},\"image\":{\"@id\":\"https:\/\/ad4screen.com\/#\/schema\/logo\/image\/\"},\"sameAs\":[\"https:\/\/www.facebook.com\/AD4SCREEN\",\"https:\/\/x.com\/Ad4Screen\",\"https:\/\/www.linkedin.com\/company\/ad4screen\"]}]}<\/script>\n<!-- \/ Yoast SEO plugin. -->","yoast_head_json":{"title":"Livre blanc Acquisition | G\u00e9n\u00e9rez de nouveaux prospects qualifi\u00e9s","description":"D\u00e9couvrez notre livre blanc sur l'acquisition et am\u00e9liorez votre strat\u00e9gie en optimisant vos leviers pour g\u00e9n\u00e9rer de nouveaux prospects","robots":{"index":"index","follow":"follow","max-snippet":"max-snippet:-1","max-image-preview":"max-image-preview:large","max-video-preview":"max-video-preview:-1"},"canonical":"https:\/\/ad4screen.com\/en\/livres-blancs\/livre-acquisition%E2%80%8B-comk\/","og_locale":"en_US","og_type":"article","og_title":"Livre blanc Acquisition | G\u00e9n\u00e9rez de nouveaux prospects qualifi\u00e9s","og_description":"D\u00e9couvrez notre livre blanc sur l'acquisition et am\u00e9liorez votre strat\u00e9gie en optimisant vos leviers pour g\u00e9n\u00e9rer de nouveaux prospects","og_url":"https:\/\/ad4screen.com\/en\/livres-blancs\/livre-acquisition%E2%80%8B-comk","og_site_name":"Ad4screen","article_publisher":"https:\/\/www.facebook.com\/AD4SCREEN","article_modified_time":"2021-08-27T13:52:17+00:00","og_image":[{"url":"https:\/\/ad4screen.com\/wp-content\/uploads\/2021\/05\/LB-Acquisition-1.png","type":"","width":"","height":""}],"twitter_card":"summary_large_image","twitter_site":"@Ad4Screen","twitter_misc":{"Est. reading time":"3 minutes"},"schema":{"@context":"https:\/\/schema.org","@graph":[{"@type":"WebPage","@id":"https:\/\/ad4screen.com\/en\/livres-blancs\/livre-acquisition%E2%80%8B-comk","url":"https:\/\/ad4screen.com\/en\/livres-blancs\/livre-acquisition%E2%80%8B-comk","name":"Livre blanc Acquisition | G\u00e9n\u00e9rez de nouveaux prospects qualifi\u00e9s","isPartOf":{"@id":"https:\/\/ad4screen.com\/#website"},"primaryImageOfPage":{"@id":"https:\/\/ad4screen.com\/en\/livres-blancs\/livre-acquisition%E2%80%8B-comk#primaryimage"},"image":{"@id":"https:\/\/ad4screen.com\/en\/livres-blancs\/livre-acquisition%E2%80%8B-comk#primaryimage"},"thumbnailUrl":"https:\/\/ad4screen.com\/wp-content\/uploads\/2021\/05\/LB-Acquisition-1.png","datePublished":"2021-06-29T09:46:34+00:00","dateModified":"2021-08-27T13:52:17+00:00","description":"D\u00e9couvrez notre livre blanc sur l'acquisition et am\u00e9liorez votre strat\u00e9gie en optimisant vos leviers pour g\u00e9n\u00e9rer de nouveaux prospects","breadcrumb":{"@id":"https:\/\/ad4screen.com\/en\/livres-blancs\/livre-acquisition%E2%80%8B-comk#breadcrumb"},"inLanguage":"en-US","potentialAction":[{"@type":"ReadAction","target":["https:\/\/ad4screen.com\/en\/livres-blancs\/livre-acquisition%E2%80%8B-comk"]}]},{"@type":"ImageObject","inLanguage":"en-US","@id":"https:\/\/ad4screen.com\/en\/livres-blancs\/livre-acquisition%E2%80%8B-comk#primaryimage","url":"https:\/\/ad4screen.com\/wp-content\/uploads\/2021\/05\/LB-Acquisition-1.png","contentUrl":"https:\/\/ad4screen.com\/wp-content\/uploads\/2021\/05\/LB-Acquisition-1.png"},{"@type":"BreadcrumbList","@id":"https:\/\/ad4screen.com\/en\/livres-blancs\/livre-acquisition%E2%80%8B-comk#breadcrumb","itemListElement":[{"@type":"ListItem","position":1,"name":"Accueil","item":"https:\/\/ad4screen.com\/en\/"},{"@type":"ListItem","position":2,"name":"livre blanc Acquisition\u200b COMK"}]},{"@type":"WebSite","@id":"https:\/\/ad4screen.com\/#website","url":"https:\/\/ad4screen.com\/","name":"Ad4screen","description":"","publisher":{"@id":"https:\/\/ad4screen.com\/#organization"},"potentialAction":[{"@type":"SearchAction","target":{"@type":"EntryPoint","urlTemplate":"https:\/\/ad4screen.com\/?s={search_term_string}"},"query-input":{"@type":"PropertyValueSpecification","valueRequired":true,"valueName":"search_term_string"}}],"inLanguage":"en-US"},{"@type":"Organization","@id":"https:\/\/ad4screen.com\/#organization","name":"Ad4screen","url":"https:\/\/ad4screen.com\/","logo":{"@type":"ImageObject","inLanguage":"en-US","@id":"https:\/\/ad4screen.com\/#\/schema\/logo\/image\/","url":"https:\/\/ad4screen.com\/wp-content\/uploads\/2021\/05\/cropped-favicon-1.png","contentUrl":"https:\/\/ad4screen.com\/wp-content\/uploads\/2021\/05\/cropped-favicon-1.png","width":512,"height":512,"caption":"Ad4screen"},"image":{"@id":"https:\/\/ad4screen.com\/#\/schema\/logo\/image\/"},"sameAs":["https:\/\/www.facebook.com\/AD4SCREEN","https:\/\/x.com\/Ad4Screen","https:\/\/www.linkedin.com\/company\/ad4screen"]}]}},"_links":{"self":[{"href":"https:\/\/ad4screen.com\/en\/wp-json\/wp\/v2\/pages\/5691","targetHints":{"allow":["GET"]}}],"collection":[{"href":"https:\/\/ad4screen.com\/en\/wp-json\/wp\/v2\/pages"}],"about":[{"href":"https:\/\/ad4screen.com\/en\/wp-json\/wp\/v2\/types\/page"}],"author":[{"embeddable":true,"href":"https:\/\/ad4screen.com\/en\/wp-json\/wp\/v2\/users\/2"}],"replies":[{"embeddable":true,"href":"https:\/\/ad4screen.com\/en\/wp-json\/wp\/v2\/comments?post=5691"}],"version-history":[{"count":7,"href":"https:\/\/ad4screen.com\/en\/wp-json\/wp\/v2\/pages\/5691\/revisions"}],"predecessor-version":[{"id":6845,"href":"https:\/\/ad4screen.com\/en\/wp-json\/wp\/v2\/pages\/5691\/revisions\/6845"}],"wp:attachment":[{"href":"https:\/\/ad4screen.com\/en\/wp-json\/wp\/v2\/media?parent=5691"}],"curies":[{"name":"wp","href":"https:\/\/api.w.org\/{rel}","templated":true}]}}