{"id":5718,"date":"2021-06-29T09:53:11","date_gmt":"2021-06-29T09:53:11","guid":{"rendered":"https:\/\/ad4screen.com\/livre-blanc-asset-des-stores-comk\/"},"modified":"2021-08-27T14:01:31","modified_gmt":"2021-08-27T14:01:31","slug":"livre-blanc-asset-des-stores-comk-en","status":"publish","type":"page","link":"https:\/\/ad4screen.com\/en\/livres-blancs\/livre-asset-des-stores-comk","title":{"rendered":"livre blanc Asset des stores COMK"},"content":{"rendered":"\t\t<div data-elementor-type=\"wp-page\" data-elementor-id=\"5718\" class=\"elementor elementor-5718 elementor-3890\">\n\t\t\t\t\t\t\t\t\t<section class=\"elementor-section elementor-top-section elementor-element elementor-element-4868fc4 elementor-section-height-min-height elementor-section-boxed elementor-section-height-default elementor-section-items-middle\" data-id=\"4868fc4\" data-element_type=\"section\" data-settings=\"{&quot;background_background&quot;:&quot;slideshow&quot;,&quot;background_slideshow_gallery&quot;:[{&quot;id&quot;:691,&quot;url&quot;:&quot;https:\\\/\\\/ad4screen.com\\\/wp-content\\\/uploads\\\/2021\\\/05\\\/background-header.jpeg&quot;}],&quot;background_slideshow_loop&quot;:&quot;yes&quot;,&quot;background_slideshow_slide_duration&quot;:5000,&quot;background_slideshow_slide_transition&quot;:&quot;fade&quot;,&quot;background_slideshow_transition_duration&quot;:500}\">\n\t\t\t\t\t\t<div class=\"elementor-container elementor-column-gap-default\">\n\t\t\t\t\t<div class=\"elementor-column elementor-col-100 elementor-top-column elementor-element elementor-element-ea6b4da\" data-id=\"ea6b4da\" data-element_type=\"column\">\n\t\t\t<div class=\"elementor-widget-wrap elementor-element-populated\">\n\t\t\t\t\t\t\t\t<div class=\"elementor-element elementor-element-2affd22 elementor-widget elementor-widget-heading\" data-id=\"2affd22\" data-element_type=\"widget\" data-widget_type=\"heading.default\">\n\t\t\t\t<div class=\"elementor-widget-container\">\n\t\t\t<h1 class=\"elementor-heading-title elementor-size-default\">Asset des stores<\/h1>\t\t<\/div>\n\t\t\t\t<\/div>\n\t\t\t\t<div class=\"elementor-element elementor-element-953e4ac elementor-widget elementor-widget-text-editor\" data-id=\"953e4ac\" data-element_type=\"widget\" data-widget_type=\"text-editor.default\">\n\t\t\t\t<div class=\"elementor-widget-container\">\n\t\t\t\t\t\t\tDiscover our Asset des Stores white paper and optimize your graphic designs\t\t\t\t\t\t<\/div>\n\t\t\t\t<\/div>\n\t\t\t\t\t<\/div>\n\t\t<\/div>\n\t\t\t\t\t\t\t<\/div>\n\t\t<\/section>\n\t\t\t\t<section class=\"elementor-section elementor-top-section elementor-element elementor-element-73d3cc4 elementor-section-items-stretch elementor-section-height-min-height livres-blancs-page elementor-section-boxed elementor-section-height-default\" data-id=\"73d3cc4\" data-element_type=\"section\" data-settings=\"{&quot;background_background&quot;:&quot;classic&quot;}\">\n\t\t\t\t\t\t\t<div class=\"elementor-background-overlay\"><\/div>\n\t\t\t\t\t\t\t<div class=\"elementor-container elementor-column-gap-default\">\n\t\t\t\t\t<div class=\"elementor-column elementor-col-50 elementor-top-column elementor-element elementor-element-4722a845\" data-id=\"4722a845\" data-element_type=\"column\">\n\t\t\t<div class=\"elementor-widget-wrap elementor-element-populated\">\n\t\t\t\t\t\t\t\t<div class=\"elementor-element elementor-element-4da43167 img-popup-asset elementor-widget elementor-widget-image\" data-id=\"4da43167\" data-element_type=\"widget\" data-widget_type=\"image.default\">\n\t\t\t\t<div class=\"elementor-widget-container\">\n\t\t\t\t\t\t\t\t\t\t\t\t\t\t\t<img fetchpriority=\"high\" decoding=\"async\" width=\"600\" height=\"600\" src=\"https:\/\/ad4screen.com\/wp-content\/uploads\/2021\/05\/LB-Animation-client-1.png\" class=\"attachment-large size-large wp-image-5008\" alt=\"\" srcset=\"https:\/\/ad4screen.com\/wp-content\/uploads\/2021\/05\/LB-Animation-client-1.png 600w, https:\/\/ad4screen.com\/wp-content\/uploads\/2021\/05\/LB-Animation-client-1-300x300.png 300w, https:\/\/ad4screen.com\/wp-content\/uploads\/2021\/05\/LB-Animation-client-1-150x150.png 150w\" sizes=\"(max-width: 600px) 100vw, 600px\" \/>\t\t\t\t\t\t\t\t\t\t\t\t\t\t\t<\/div>\n\t\t\t\t<\/div>\n\t\t\t\t<div class=\"elementor-element elementor-element-2faae2c9 elementor-widget elementor-widget-heading\" data-id=\"2faae2c9\" data-element_type=\"widget\" data-widget_type=\"heading.default\">\n\t\t\t\t<div class=\"elementor-widget-container\">\n\t\t\t<h2 class=\"elementor-heading-title elementor-size-default\">Asset of the stores<\/h2>\t\t<\/div>\n\t\t\t\t<\/div>\n\t\t\t\t<div class=\"elementor-element elementor-element-12b005f2 elementor-widget elementor-widget-text-editor\" data-id=\"12b005f2\" data-element_type=\"widget\" data-widget_type=\"text-editor.default\">\n\t\t\t\t<div class=\"elementor-widget-container\">\n\t\t\t\t\t\t\t<p>What are the differences between iTunes Store and Google Play Store? What graphic bias to adopt? What are the pitfalls to avoid? Find in this white paper all our best practices to optimize the graphic assets of your application as well as examples of our customer cases.<\/p><p>\u00a0<\/p><p>On the program:<\/p>\t\t\t\t\t\t<\/div>\n\t\t\t\t<\/div>\n\t\t\t\t<div class=\"elementor-element elementor-element-3d1a1530 elementor-icon-list--layout-traditional elementor-list-item-link-full_width elementor-widget elementor-widget-icon-list\" data-id=\"3d1a1530\" data-element_type=\"widget\" data-widget_type=\"icon-list.default\">\n\t\t\t\t<div class=\"elementor-widget-container\">\n\t\t\t\t\t<ul class=\"elementor-icon-list-items\">\n\t\t\t\t\t\t\t<li class=\"elementor-icon-list-item\">\n\t\t\t\t\t\t\t\t\t\t\t<span class=\"elementor-icon-list-icon\">\n\t\t\t\t\t\t\t<i aria-hidden=\"true\" class=\"fas fa-circle\"><\/i>\t\t\t\t\t\t<\/span>\n\t\t\t\t\t\t\t\t\t\t<span class=\"elementor-icon-list-text\">The basics: iTunes Store vs Google Play Store<\/span>\n\t\t\t\t\t\t\t\t\t<\/li>\n\t\t\t\t\t\t\t\t<li class=\"elementor-icon-list-item\">\n\t\t\t\t\t\t\t\t\t\t\t<span class=\"elementor-icon-list-icon\">\n\t\t\t\t\t\t\t<i aria-hidden=\"true\" class=\"fas fa-circle\"><\/i>\t\t\t\t\t\t<\/span>\n\t\t\t\t\t\t\t\t\t\t<span class=\"elementor-icon-list-text\">The must-haves: Your checklist<\/span>\n\t\t\t\t\t\t\t\t\t<\/li>\n\t\t\t\t\t\t\t\t<li class=\"elementor-icon-list-item\">\n\t\t\t\t\t\t\t\t\t\t\t<span class=\"elementor-icon-list-icon\">\n\t\t\t\t\t\t\t<i aria-hidden=\"true\" class=\"fas fa-circle\"><\/i>\t\t\t\t\t\t<\/span>\n\t\t\t\t\t\t\t\t\t\t<span class=\"elementor-icon-list-text\">What graphic bias?<\/span>\n\t\t\t\t\t\t\t\t\t<\/li>\n\t\t\t\t\t\t\t\t<li class=\"elementor-icon-list-item\">\n\t\t\t\t\t\t\t\t\t\t\t<span class=\"elementor-icon-list-icon\">\n\t\t\t\t\t\t\t<i aria-hidden=\"true\" class=\"fas fa-circle\"><\/i>\t\t\t\t\t\t<\/span>\n\t\t\t\t\t\t\t\t\t\t<span class=\"elementor-icon-list-text\">Pitfalls to avoid<\/span>\n\t\t\t\t\t\t\t\t\t<\/li>\n\t\t\t\t\t\t\t\t<li class=\"elementor-icon-list-item\">\n\t\t\t\t\t\t\t\t\t\t\t<span class=\"elementor-icon-list-icon\">\n\t\t\t\t\t\t\t<i aria-hidden=\"true\" class=\"fas fa-circle\"><\/i>\t\t\t\t\t\t<\/span>\n\t\t\t\t\t\t\t\t\t\t<span class=\"elementor-icon-list-text\">Customer cases<\/span>\n\t\t\t\t\t\t\t\t\t<\/li>\n\t\t\t\t\t\t<\/ul>\n\t\t\t\t<\/div>\n\t\t\t\t<\/div>\n\t\t\t\t\t<\/div>\n\t\t<\/div>\n\t\t\t\t<div class=\"elementor-column elementor-col-50 elementor-top-column elementor-element elementor-element-4691b8a5\" data-id=\"4691b8a5\" data-element_type=\"column\">\n\t\t\t<div class=\"elementor-widget-wrap elementor-element-populated\">\n\t\t\t\t\t\t\t\t<div class=\"elementor-element elementor-element-6996c84b form-livre-blanc elementor-widget elementor-widget-shortcode\" data-id=\"6996c84b\" data-element_type=\"widget\" data-widget_type=\"shortcode.default\">\n\t\t\t\t<div class=\"elementor-widget-container\">\n\t\t\t\t\t<div class=\"elementor-shortcode\">\n\t\t\t\t\t<script>\n\t\t\t\t\t\twindow.hsFormsOnReady = window.hsFormsOnReady || [];\n\t\t\t\t\t\twindow.hsFormsOnReady.push(()=>{\n\t\t\t\t\t\t\thbspt.forms.create({\n\t\t\t\t\t\t\t\tportalId: 2539528,\n\t\t\t\t\t\t\t\tformId: \"92c9db9d-4cca-4eb6-b2a2-a41629325017\",\n\t\t\t\t\t\t\t\ttarget: \"#hbspt-form-1775636783000-5118538560\",\n\t\t\t\t\t\t\t\tregion: \"na1\",\n\t\t\t\t\t\t\t\t\n\t\t\t\t\t\t})});\n\t\t\t\t\t<\/script>\n\t\t\t\t\t<div class=\"hbspt-form\" id=\"hbspt-form-1775636783000-5118538560\"><\/div><\/div>\n\t\t\t\t<\/div>\n\t\t\t\t<\/div>\n\t\t\t\t\t<\/div>\n\t\t<\/div>\n\t\t\t\t\t\t\t<\/div>\n\t\t<\/section>\n\t\t\t\t\t\t\t<\/div>\n\t\t","protected":false},"excerpt":{"rendered":"<p>Asset des stores Discover our Asset des Stores white paper and optimize your graphic designs Asset of the stores What are the differences between iTunes Store and Google Play Store? What graphic bias to adopt? What are the pitfalls to avoid? Find in this white paper all our best practices to optimize the graphic assets [&hellip;]<\/p>\n","protected":false},"author":2,"featured_media":0,"parent":0,"menu_order":0,"comment_status":"closed","ping_status":"closed","template":"","meta":{"footnotes":""},"class_list":["post-5718","page","type-page","status-publish","hentry"],"yoast_head":"<!-- This site is optimized with the Yoast SEO plugin v24.9 - https:\/\/yoast.com\/wordpress\/plugins\/seo\/ -->\n<title>Asset des stores | tous nos conseils pour optimiser vos cr\u00e9as<\/title>\n<meta name=\"description\" content=\"Dans votre livre blanc Asset des stores vous d\u00e9couvrirez quel parti pris graphique adopter ? Quels sont les pi\u00e8ges \u00e0 \u00e9viter ?\" \/>\n<meta name=\"robots\" content=\"index, follow, max-snippet:-1, max-image-preview:large, max-video-preview:-1\" \/>\n<link rel=\"canonical\" href=\"https:\/\/ad4screen.com\/en\/livres-blancs\/livre-asset-des-stores-comk\/\" \/>\n<meta property=\"og:locale\" content=\"en_US\" \/>\n<meta property=\"og:type\" content=\"article\" \/>\n<meta property=\"og:title\" content=\"Asset des stores | tous nos conseils pour optimiser vos cr\u00e9as\" \/>\n<meta property=\"og:description\" content=\"Dans votre livre blanc Asset des stores vous d\u00e9couvrirez quel parti pris graphique adopter ? Quels sont les pi\u00e8ges \u00e0 \u00e9viter ?\" \/>\n<meta property=\"og:url\" content=\"https:\/\/ad4screen.com\/en\/livres-blancs\/livre-asset-des-stores-comk\" \/>\n<meta property=\"og:site_name\" content=\"Ad4screen\" \/>\n<meta property=\"article:publisher\" content=\"https:\/\/www.facebook.com\/AD4SCREEN\" \/>\n<meta property=\"article:modified_time\" content=\"2021-08-27T14:01:31+00:00\" \/>\n<meta property=\"og:image\" content=\"https:\/\/ad4screen.com\/wp-content\/uploads\/2021\/05\/LB-Animation-client-1.png\" \/>\n<meta name=\"twitter:card\" content=\"summary_large_image\" \/>\n<meta name=\"twitter:site\" content=\"@Ad4Screen\" \/>\n<meta name=\"twitter:label1\" content=\"Est. reading time\" \/>\n\t<meta name=\"twitter:data1\" content=\"3 minutes\" \/>\n<script type=\"application\/ld+json\" class=\"yoast-schema-graph\">{\"@context\":\"https:\/\/schema.org\",\"@graph\":[{\"@type\":\"WebPage\",\"@id\":\"https:\/\/ad4screen.com\/en\/livres-blancs\/livre-asset-des-stores-comk\",\"url\":\"https:\/\/ad4screen.com\/en\/livres-blancs\/livre-asset-des-stores-comk\",\"name\":\"Asset des stores | tous nos conseils pour optimiser vos cr\u00e9as\",\"isPartOf\":{\"@id\":\"https:\/\/ad4screen.com\/#website\"},\"primaryImageOfPage\":{\"@id\":\"https:\/\/ad4screen.com\/en\/livres-blancs\/livre-asset-des-stores-comk#primaryimage\"},\"image\":{\"@id\":\"https:\/\/ad4screen.com\/en\/livres-blancs\/livre-asset-des-stores-comk#primaryimage\"},\"thumbnailUrl\":\"https:\/\/ad4screen.com\/wp-content\/uploads\/2021\/05\/LB-Animation-client-1.png\",\"datePublished\":\"2021-06-29T09:53:11+00:00\",\"dateModified\":\"2021-08-27T14:01:31+00:00\",\"description\":\"Dans votre livre blanc Asset des stores vous d\u00e9couvrirez quel parti pris graphique adopter ? Quels sont les pi\u00e8ges \u00e0 \u00e9viter ?\",\"breadcrumb\":{\"@id\":\"https:\/\/ad4screen.com\/en\/livres-blancs\/livre-asset-des-stores-comk#breadcrumb\"},\"inLanguage\":\"en-US\",\"potentialAction\":[{\"@type\":\"ReadAction\",\"target\":[\"https:\/\/ad4screen.com\/en\/livres-blancs\/livre-asset-des-stores-comk\"]}]},{\"@type\":\"ImageObject\",\"inLanguage\":\"en-US\",\"@id\":\"https:\/\/ad4screen.com\/en\/livres-blancs\/livre-asset-des-stores-comk#primaryimage\",\"url\":\"https:\/\/ad4screen.com\/wp-content\/uploads\/2021\/05\/LB-Animation-client-1.png\",\"contentUrl\":\"https:\/\/ad4screen.com\/wp-content\/uploads\/2021\/05\/LB-Animation-client-1.png\"},{\"@type\":\"BreadcrumbList\",\"@id\":\"https:\/\/ad4screen.com\/en\/livres-blancs\/livre-asset-des-stores-comk#breadcrumb\",\"itemListElement\":[{\"@type\":\"ListItem\",\"position\":1,\"name\":\"Accueil\",\"item\":\"https:\/\/ad4screen.com\/en\/\"},{\"@type\":\"ListItem\",\"position\":2,\"name\":\"livre blanc Asset des stores COMK\"}]},{\"@type\":\"WebSite\",\"@id\":\"https:\/\/ad4screen.com\/#website\",\"url\":\"https:\/\/ad4screen.com\/\",\"name\":\"Ad4screen\",\"description\":\"\",\"publisher\":{\"@id\":\"https:\/\/ad4screen.com\/#organization\"},\"potentialAction\":[{\"@type\":\"SearchAction\",\"target\":{\"@type\":\"EntryPoint\",\"urlTemplate\":\"https:\/\/ad4screen.com\/?s={search_term_string}\"},\"query-input\":{\"@type\":\"PropertyValueSpecification\",\"valueRequired\":true,\"valueName\":\"search_term_string\"}}],\"inLanguage\":\"en-US\"},{\"@type\":\"Organization\",\"@id\":\"https:\/\/ad4screen.com\/#organization\",\"name\":\"Ad4screen\",\"url\":\"https:\/\/ad4screen.com\/\",\"logo\":{\"@type\":\"ImageObject\",\"inLanguage\":\"en-US\",\"@id\":\"https:\/\/ad4screen.com\/#\/schema\/logo\/image\/\",\"url\":\"https:\/\/ad4screen.com\/wp-content\/uploads\/2021\/05\/cropped-favicon-1.png\",\"contentUrl\":\"https:\/\/ad4screen.com\/wp-content\/uploads\/2021\/05\/cropped-favicon-1.png\",\"width\":512,\"height\":512,\"caption\":\"Ad4screen\"},\"image\":{\"@id\":\"https:\/\/ad4screen.com\/#\/schema\/logo\/image\/\"},\"sameAs\":[\"https:\/\/www.facebook.com\/AD4SCREEN\",\"https:\/\/x.com\/Ad4Screen\",\"https:\/\/www.linkedin.com\/company\/ad4screen\"]}]}<\/script>\n<!-- \/ Yoast SEO plugin. -->","yoast_head_json":{"title":"Asset des stores | tous nos conseils pour optimiser vos cr\u00e9as","description":"Dans votre livre blanc Asset des stores vous d\u00e9couvrirez quel parti pris graphique adopter ? Quels sont les pi\u00e8ges \u00e0 \u00e9viter ?","robots":{"index":"index","follow":"follow","max-snippet":"max-snippet:-1","max-image-preview":"max-image-preview:large","max-video-preview":"max-video-preview:-1"},"canonical":"https:\/\/ad4screen.com\/en\/livres-blancs\/livre-asset-des-stores-comk\/","og_locale":"en_US","og_type":"article","og_title":"Asset des stores | tous nos conseils pour optimiser vos cr\u00e9as","og_description":"Dans votre livre blanc Asset des stores vous d\u00e9couvrirez quel parti pris graphique adopter ? Quels sont les pi\u00e8ges \u00e0 \u00e9viter ?","og_url":"https:\/\/ad4screen.com\/en\/livres-blancs\/livre-asset-des-stores-comk","og_site_name":"Ad4screen","article_publisher":"https:\/\/www.facebook.com\/AD4SCREEN","article_modified_time":"2021-08-27T14:01:31+00:00","og_image":[{"url":"https:\/\/ad4screen.com\/wp-content\/uploads\/2021\/05\/LB-Animation-client-1.png","type":"","width":"","height":""}],"twitter_card":"summary_large_image","twitter_site":"@Ad4Screen","twitter_misc":{"Est. reading time":"3 minutes"},"schema":{"@context":"https:\/\/schema.org","@graph":[{"@type":"WebPage","@id":"https:\/\/ad4screen.com\/en\/livres-blancs\/livre-asset-des-stores-comk","url":"https:\/\/ad4screen.com\/en\/livres-blancs\/livre-asset-des-stores-comk","name":"Asset des stores | tous nos conseils pour optimiser vos cr\u00e9as","isPartOf":{"@id":"https:\/\/ad4screen.com\/#website"},"primaryImageOfPage":{"@id":"https:\/\/ad4screen.com\/en\/livres-blancs\/livre-asset-des-stores-comk#primaryimage"},"image":{"@id":"https:\/\/ad4screen.com\/en\/livres-blancs\/livre-asset-des-stores-comk#primaryimage"},"thumbnailUrl":"https:\/\/ad4screen.com\/wp-content\/uploads\/2021\/05\/LB-Animation-client-1.png","datePublished":"2021-06-29T09:53:11+00:00","dateModified":"2021-08-27T14:01:31+00:00","description":"Dans votre livre blanc Asset des stores vous d\u00e9couvrirez quel parti pris graphique adopter ? Quels sont les pi\u00e8ges \u00e0 \u00e9viter ?","breadcrumb":{"@id":"https:\/\/ad4screen.com\/en\/livres-blancs\/livre-asset-des-stores-comk#breadcrumb"},"inLanguage":"en-US","potentialAction":[{"@type":"ReadAction","target":["https:\/\/ad4screen.com\/en\/livres-blancs\/livre-asset-des-stores-comk"]}]},{"@type":"ImageObject","inLanguage":"en-US","@id":"https:\/\/ad4screen.com\/en\/livres-blancs\/livre-asset-des-stores-comk#primaryimage","url":"https:\/\/ad4screen.com\/wp-content\/uploads\/2021\/05\/LB-Animation-client-1.png","contentUrl":"https:\/\/ad4screen.com\/wp-content\/uploads\/2021\/05\/LB-Animation-client-1.png"},{"@type":"BreadcrumbList","@id":"https:\/\/ad4screen.com\/en\/livres-blancs\/livre-asset-des-stores-comk#breadcrumb","itemListElement":[{"@type":"ListItem","position":1,"name":"Accueil","item":"https:\/\/ad4screen.com\/en\/"},{"@type":"ListItem","position":2,"name":"livre blanc Asset des stores COMK"}]},{"@type":"WebSite","@id":"https:\/\/ad4screen.com\/#website","url":"https:\/\/ad4screen.com\/","name":"Ad4screen","description":"","publisher":{"@id":"https:\/\/ad4screen.com\/#organization"},"potentialAction":[{"@type":"SearchAction","target":{"@type":"EntryPoint","urlTemplate":"https:\/\/ad4screen.com\/?s={search_term_string}"},"query-input":{"@type":"PropertyValueSpecification","valueRequired":true,"valueName":"search_term_string"}}],"inLanguage":"en-US"},{"@type":"Organization","@id":"https:\/\/ad4screen.com\/#organization","name":"Ad4screen","url":"https:\/\/ad4screen.com\/","logo":{"@type":"ImageObject","inLanguage":"en-US","@id":"https:\/\/ad4screen.com\/#\/schema\/logo\/image\/","url":"https:\/\/ad4screen.com\/wp-content\/uploads\/2021\/05\/cropped-favicon-1.png","contentUrl":"https:\/\/ad4screen.com\/wp-content\/uploads\/2021\/05\/cropped-favicon-1.png","width":512,"height":512,"caption":"Ad4screen"},"image":{"@id":"https:\/\/ad4screen.com\/#\/schema\/logo\/image\/"},"sameAs":["https:\/\/www.facebook.com\/AD4SCREEN","https:\/\/x.com\/Ad4Screen","https:\/\/www.linkedin.com\/company\/ad4screen"]}]}},"_links":{"self":[{"href":"https:\/\/ad4screen.com\/en\/wp-json\/wp\/v2\/pages\/5718","targetHints":{"allow":["GET"]}}],"collection":[{"href":"https:\/\/ad4screen.com\/en\/wp-json\/wp\/v2\/pages"}],"about":[{"href":"https:\/\/ad4screen.com\/en\/wp-json\/wp\/v2\/types\/page"}],"author":[{"embeddable":true,"href":"https:\/\/ad4screen.com\/en\/wp-json\/wp\/v2\/users\/2"}],"replies":[{"embeddable":true,"href":"https:\/\/ad4screen.com\/en\/wp-json\/wp\/v2\/comments?post=5718"}],"version-history":[{"count":4,"href":"https:\/\/ad4screen.com\/en\/wp-json\/wp\/v2\/pages\/5718\/revisions"}],"predecessor-version":[{"id":6859,"href":"https:\/\/ad4screen.com\/en\/wp-json\/wp\/v2\/pages\/5718\/revisions\/6859"}],"wp:attachment":[{"href":"https:\/\/ad4screen.com\/en\/wp-json\/wp\/v2\/media?parent=5718"}],"curies":[{"name":"wp","href":"https:\/\/api.w.org\/{rel}","templated":true}]}}