{"id":5816,"date":"2021-05-28T08:51:17","date_gmt":"2021-05-28T08:51:17","guid":{"rendered":"https:\/\/ad4screen.com\/livres-blancs\/statistiques-marche\/"},"modified":"2021-08-27T15:54:20","modified_gmt":"2021-08-27T15:54:20","slug":"statistiques-marche-en","status":"publish","type":"page","link":"https:\/\/ad4screen.com\/en\/livres-blancs\/livre-statistiques-marche","title":{"rendered":"livres blanc statistiques march\u00e9\u200b"},"content":{"rendered":"\t\t<div data-elementor-type=\"wp-page\" data-elementor-id=\"5816\" class=\"elementor elementor-5816 elementor-2160\">\n\t\t\t\t\t\t\t\t\t<section class=\"elementor-section elementor-top-section elementor-element elementor-element-4868fc4 elementor-section-height-min-height elementor-section-boxed elementor-section-height-default elementor-section-items-middle\" data-id=\"4868fc4\" data-element_type=\"section\" data-settings=\"{&quot;background_background&quot;:&quot;slideshow&quot;,&quot;background_slideshow_gallery&quot;:[{&quot;id&quot;:691,&quot;url&quot;:&quot;https:\\\/\\\/ad4screen.com\\\/wp-content\\\/uploads\\\/2021\\\/05\\\/background-header.jpeg&quot;}],&quot;background_slideshow_loop&quot;:&quot;yes&quot;,&quot;background_slideshow_slide_duration&quot;:5000,&quot;background_slideshow_slide_transition&quot;:&quot;fade&quot;,&quot;background_slideshow_transition_duration&quot;:500}\">\n\t\t\t\t\t\t<div class=\"elementor-container elementor-column-gap-default\">\n\t\t\t\t\t<div class=\"elementor-column elementor-col-100 elementor-top-column elementor-element elementor-element-ea6b4da\" data-id=\"ea6b4da\" data-element_type=\"column\">\n\t\t\t<div class=\"elementor-widget-wrap elementor-element-populated\">\n\t\t\t\t\t\t\t\t<div class=\"elementor-element elementor-element-2affd22 elementor-widget elementor-widget-heading\" data-id=\"2affd22\" data-element_type=\"widget\" data-widget_type=\"heading.default\">\n\t\t\t\t<div class=\"elementor-widget-container\">\n\t\t\t<h1 class=\"elementor-heading-title elementor-size-default\">Market statistics<\/h1>\t\t<\/div>\n\t\t\t\t<\/div>\n\t\t\t\t<div class=\"elementor-element elementor-element-953e4ac elementor-widget elementor-widget-text-editor\" data-id=\"953e4ac\" data-element_type=\"widget\" data-widget_type=\"text-editor.default\">\n\t\t\t\t<div class=\"elementor-widget-container\">\n\t\t\t\t\t\t\tDiscover all the 2021 market statistics: The opportunities to seize now, the sectors most affected by Covid-19&#8230;\t\t\t\t\t\t<\/div>\n\t\t\t\t<\/div>\n\t\t\t\t\t<\/div>\n\t\t<\/div>\n\t\t\t\t\t\t\t<\/div>\n\t\t<\/section>\n\t\t\t\t<section class=\"elementor-section elementor-top-section elementor-element elementor-element-429564c elementor-section-items-stretch elementor-section-height-min-height elementor-section-boxed elementor-section-height-default\" data-id=\"429564c\" data-element_type=\"section\" data-settings=\"{&quot;background_background&quot;:&quot;classic&quot;}\">\n\t\t\t\t\t\t\t<div class=\"elementor-background-overlay\"><\/div>\n\t\t\t\t\t\t\t<div class=\"elementor-container elementor-column-gap-default\">\n\t\t\t\t\t<div class=\"elementor-column elementor-col-50 elementor-top-column elementor-element elementor-element-28f2c605\" data-id=\"28f2c605\" data-element_type=\"column\">\n\t\t\t<div class=\"elementor-widget-wrap elementor-element-populated\">\n\t\t\t\t\t\t\t\t<div class=\"elementor-element elementor-element-10e94e65 img-popup-asset elementor-widget elementor-widget-image\" data-id=\"10e94e65\" data-element_type=\"widget\" data-widget_type=\"image.default\">\n\t\t\t\t<div class=\"elementor-widget-container\">\n\t\t\t\t\t\t\t\t\t\t\t\t\t\t\t<img fetchpriority=\"high\" decoding=\"async\" width=\"600\" height=\"600\" src=\"https:\/\/ad4screen.com\/wp-content\/uploads\/2021\/05\/LB-Statistiques-marche\u0301-1.png\" class=\"attachment-large size-large wp-image-5182\" alt=\"\" srcset=\"https:\/\/ad4screen.com\/wp-content\/uploads\/2021\/05\/LB-Statistiques-marche\u0301-1.png 600w, https:\/\/ad4screen.com\/wp-content\/uploads\/2021\/05\/LB-Statistiques-marche\u0301-1-300x300.png 300w, https:\/\/ad4screen.com\/wp-content\/uploads\/2021\/05\/LB-Statistiques-marche\u0301-1-150x150.png 150w\" sizes=\"(max-width: 600px) 100vw, 600px\" \/>\t\t\t\t\t\t\t\t\t\t\t\t\t\t\t<\/div>\n\t\t\t\t<\/div>\n\t\t\t\t<div class=\"elementor-element elementor-element-13c3293f elementor-widget elementor-widget-heading\" data-id=\"13c3293f\" data-element_type=\"widget\" data-widget_type=\"heading.default\">\n\t\t\t\t<div class=\"elementor-widget-container\">\n\t\t\t<h2 class=\"elementor-heading-title elementor-size-default\">Market statistics<\/h2>\t\t<\/div>\n\t\t\t\t<\/div>\n\t\t\t\t<div class=\"elementor-element elementor-element-2c407628 elementor-widget elementor-widget-text-editor\" data-id=\"2c407628\" data-element_type=\"widget\" data-widget_type=\"text-editor.default\">\n\t\t\t\t<div class=\"elementor-widget-container\">\n\t\t\t\t\t\t\t<p>What are the key figures for the mobile ecosystem in 2021? Which sectors will be most impacted by the pandemic? What are the opportunities to seize now to stand out from the crowd? Download our white paper now!<\/p><p>\u00a0<\/p><p>On the program:<\/p>\t\t\t\t\t\t<\/div>\n\t\t\t\t<\/div>\n\t\t\t\t<div class=\"elementor-element elementor-element-1b22cf0b elementor-icon-list--layout-traditional elementor-list-item-link-full_width elementor-widget elementor-widget-icon-list\" data-id=\"1b22cf0b\" data-element_type=\"widget\" data-widget_type=\"icon-list.default\">\n\t\t\t\t<div class=\"elementor-widget-container\">\n\t\t\t\t\t<ul class=\"elementor-icon-list-items\">\n\t\t\t\t\t\t\t<li class=\"elementor-icon-list-item\">\n\t\t\t\t\t\t\t\t\t\t\t<span class=\"elementor-icon-list-icon\">\n\t\t\t\t\t\t\t<i aria-hidden=\"true\" class=\"fas fa-circle\"><\/i>\t\t\t\t\t\t<\/span>\n\t\t\t\t\t\t\t\t\t\t<span class=\"elementor-icon-list-text\">Key figures Q1 2021<\/span>\n\t\t\t\t\t\t\t\t\t<\/li>\n\t\t\t\t\t\t\t\t<li class=\"elementor-icon-list-item\">\n\t\t\t\t\t\t\t\t\t\t\t<span class=\"elementor-icon-list-icon\">\n\t\t\t\t\t\t\t<i aria-hidden=\"true\" class=\"fas fa-circle\"><\/i>\t\t\t\t\t\t<\/span>\n\t\t\t\t\t\t\t\t\t\t<span class=\"elementor-icon-list-text\">The impact of Covid-19 by industry sector<\/span>\n\t\t\t\t\t\t\t\t\t<\/li>\n\t\t\t\t\t\t\t\t<li class=\"elementor-icon-list-item\">\n\t\t\t\t\t\t\t\t\t\t\t<span class=\"elementor-icon-list-icon\">\n\t\t\t\t\t\t\t<i aria-hidden=\"true\" class=\"fas fa-circle\"><\/i>\t\t\t\t\t\t<\/span>\n\t\t\t\t\t\t\t\t\t\t<span class=\"elementor-icon-list-text\">Usage: focus on the top categories<\/span>\n\t\t\t\t\t\t\t\t\t<\/li>\n\t\t\t\t\t\t\t\t<li class=\"elementor-icon-list-item\">\n\t\t\t\t\t\t\t\t\t\t\t<span class=\"elementor-icon-list-icon\">\n\t\t\t\t\t\t\t<i aria-hidden=\"true\" class=\"fas fa-circle\"><\/i>\t\t\t\t\t\t<\/span>\n\t\t\t\t\t\t\t\t\t\t<span class=\"elementor-icon-list-text\">The 7 trends to follow in 2021<\/span>\n\t\t\t\t\t\t\t\t\t<\/li>\n\t\t\t\t\t\t<\/ul>\n\t\t\t\t<\/div>\n\t\t\t\t<\/div>\n\t\t\t\t\t<\/div>\n\t\t<\/div>\n\t\t\t\t<div class=\"elementor-column elementor-col-50 elementor-top-column elementor-element elementor-element-17b7019a\" data-id=\"17b7019a\" data-element_type=\"column\">\n\t\t\t<div class=\"elementor-widget-wrap elementor-element-populated\">\n\t\t\t\t\t\t\t\t<div class=\"elementor-element elementor-element-6eca2e56 form-livre-blanc elementor-widget elementor-widget-shortcode\" data-id=\"6eca2e56\" data-element_type=\"widget\" data-widget_type=\"shortcode.default\">\n\t\t\t\t<div class=\"elementor-widget-container\">\n\t\t\t\t\t<div class=\"elementor-shortcode\">\n\t\t\t\t\t<script>\n\t\t\t\t\t\twindow.hsFormsOnReady = window.hsFormsOnReady || [];\n\t\t\t\t\t\twindow.hsFormsOnReady.push(()=>{\n\t\t\t\t\t\t\thbspt.forms.create({\n\t\t\t\t\t\t\t\tportalId: 2539528,\n\t\t\t\t\t\t\t\tformId: \"635ed03a-5df9-41ea-ba48-d80066ede1fb\",\n\t\t\t\t\t\t\t\ttarget: \"#hbspt-form-1776070369000-3365717130\",\n\t\t\t\t\t\t\t\tregion: \"na1\",\n\t\t\t\t\t\t\t\t\n\t\t\t\t\t\t})});\n\t\t\t\t\t<\/script>\n\t\t\t\t\t<div class=\"hbspt-form\" id=\"hbspt-form-1776070369000-3365717130\"><\/div><\/div>\n\t\t\t\t<\/div>\n\t\t\t\t<\/div>\n\t\t\t\t\t<\/div>\n\t\t<\/div>\n\t\t\t\t\t\t\t<\/div>\n\t\t<\/section>\n\t\t\t\t\t\t\t<\/div>\n\t\t","protected":false},"excerpt":{"rendered":"<p>Market statistics Discover all the 2021 market statistics: The opportunities to seize now, the sectors most affected by Covid-19&#8230; Market statistics What are the key figures for the mobile ecosystem in 2021? Which sectors will be most impacted by the pandemic? What are the opportunities to seize now to stand out from the crowd? Download [&hellip;]<\/p>\n","protected":false},"author":1,"featured_media":0,"parent":5569,"menu_order":0,"comment_status":"closed","ping_status":"closed","template":"","meta":{"footnotes":""},"class_list":["post-5816","page","type-page","status-publish","hentry"],"yoast_head":"<!-- This site is optimized with the Yoast SEO plugin v24.9 - https:\/\/yoast.com\/wordpress\/plugins\/seo\/ -->\n<title>Statistiques march\u00e9 [ tous les chiffres cl\u00e9s de l&#039;\u00e9cosyst\u00e8me mobile !<\/title>\n<meta name=\"description\" content=\"D\u00e9couvrez toutes les statistiques march\u00e9 2021 : Les opportunit\u00e9s \u00e0 saisir d\u00e8s maintenant, les secteurs les plus impact\u00e9s par la Covid-19...\" \/>\n<meta name=\"robots\" content=\"index, follow, max-snippet:-1, max-image-preview:large, max-video-preview:-1\" \/>\n<link rel=\"canonical\" href=\"https:\/\/ad4screen.com\/en\/livres-blancs\/livre-statistiques-marche\/\" \/>\n<meta property=\"og:locale\" content=\"en_US\" \/>\n<meta property=\"og:type\" content=\"article\" \/>\n<meta property=\"og:title\" content=\"Statistiques march\u00e9 [ tous les chiffres cl\u00e9s de l&#039;\u00e9cosyst\u00e8me mobile !\" \/>\n<meta property=\"og:description\" content=\"D\u00e9couvrez toutes les statistiques march\u00e9 2021 : Les opportunit\u00e9s \u00e0 saisir d\u00e8s maintenant, les secteurs les plus impact\u00e9s par la Covid-19...\" \/>\n<meta property=\"og:url\" content=\"https:\/\/ad4screen.com\/en\/livres-blancs\/livre-statistiques-marche\" \/>\n<meta property=\"og:site_name\" content=\"Ad4screen\" \/>\n<meta property=\"article:publisher\" content=\"https:\/\/www.facebook.com\/AD4SCREEN\" \/>\n<meta property=\"article:modified_time\" content=\"2021-08-27T15:54:20+00:00\" \/>\n<meta property=\"og:image\" content=\"https:\/\/ad4screen.com\/wp-content\/uploads\/2021\/05\/LB-Statistiques-marche\u0301-1.png\" \/>\n<meta name=\"twitter:card\" content=\"summary_large_image\" \/>\n<meta name=\"twitter:site\" content=\"@Ad4Screen\" \/>\n<meta name=\"twitter:label1\" content=\"Est. reading time\" \/>\n\t<meta name=\"twitter:data1\" content=\"3 minutes\" \/>\n<script type=\"application\/ld+json\" class=\"yoast-schema-graph\">{\"@context\":\"https:\/\/schema.org\",\"@graph\":[{\"@type\":\"WebPage\",\"@id\":\"https:\/\/ad4screen.com\/en\/livres-blancs\/livre-statistiques-marche\",\"url\":\"https:\/\/ad4screen.com\/en\/livres-blancs\/livre-statistiques-marche\",\"name\":\"Statistiques march\u00e9 [ tous les chiffres cl\u00e9s de l'\u00e9cosyst\u00e8me mobile !\",\"isPartOf\":{\"@id\":\"https:\/\/ad4screen.com\/#website\"},\"datePublished\":\"2021-05-28T08:51:17+00:00\",\"dateModified\":\"2021-08-27T15:54:20+00:00\",\"description\":\"D\u00e9couvrez toutes les statistiques march\u00e9 2021 : Les opportunit\u00e9s \u00e0 saisir d\u00e8s maintenant, les secteurs les plus impact\u00e9s par la Covid-19...\",\"breadcrumb\":{\"@id\":\"https:\/\/ad4screen.com\/en\/livres-blancs\/livre-statistiques-marche#breadcrumb\"},\"inLanguage\":\"en-US\",\"potentialAction\":[{\"@type\":\"ReadAction\",\"target\":[\"https:\/\/ad4screen.com\/en\/livres-blancs\/livre-statistiques-marche\"]}]},{\"@type\":\"BreadcrumbList\",\"@id\":\"https:\/\/ad4screen.com\/en\/livres-blancs\/livre-statistiques-marche#breadcrumb\",\"itemListElement\":[{\"@type\":\"ListItem\",\"position\":1,\"name\":\"Accueil\",\"item\":\"https:\/\/ad4screen.com\/en\/\"},{\"@type\":\"ListItem\",\"position\":2,\"name\":\"White papers\",\"item\":\"https:\/\/ad4screen.com\/en\/white-papers\/\"},{\"@type\":\"ListItem\",\"position\":3,\"name\":\"livres blanc statistiques march\u00e9\u200b\"}]},{\"@type\":\"WebSite\",\"@id\":\"https:\/\/ad4screen.com\/#website\",\"url\":\"https:\/\/ad4screen.com\/\",\"name\":\"Ad4screen\",\"description\":\"\",\"publisher\":{\"@id\":\"https:\/\/ad4screen.com\/#organization\"},\"potentialAction\":[{\"@type\":\"SearchAction\",\"target\":{\"@type\":\"EntryPoint\",\"urlTemplate\":\"https:\/\/ad4screen.com\/?s={search_term_string}\"},\"query-input\":{\"@type\":\"PropertyValueSpecification\",\"valueRequired\":true,\"valueName\":\"search_term_string\"}}],\"inLanguage\":\"en-US\"},{\"@type\":\"Organization\",\"@id\":\"https:\/\/ad4screen.com\/#organization\",\"name\":\"Ad4screen\",\"url\":\"https:\/\/ad4screen.com\/\",\"logo\":{\"@type\":\"ImageObject\",\"inLanguage\":\"en-US\",\"@id\":\"https:\/\/ad4screen.com\/#\/schema\/logo\/image\/\",\"url\":\"https:\/\/ad4screen.com\/wp-content\/uploads\/2021\/05\/cropped-favicon-1.png\",\"contentUrl\":\"https:\/\/ad4screen.com\/wp-content\/uploads\/2021\/05\/cropped-favicon-1.png\",\"width\":512,\"height\":512,\"caption\":\"Ad4screen\"},\"image\":{\"@id\":\"https:\/\/ad4screen.com\/#\/schema\/logo\/image\/\"},\"sameAs\":[\"https:\/\/www.facebook.com\/AD4SCREEN\",\"https:\/\/x.com\/Ad4Screen\",\"https:\/\/www.linkedin.com\/company\/ad4screen\"]}]}<\/script>\n<!-- \/ Yoast SEO plugin. -->","yoast_head_json":{"title":"Statistiques march\u00e9 [ tous les chiffres cl\u00e9s de l'\u00e9cosyst\u00e8me mobile !","description":"D\u00e9couvrez toutes les statistiques march\u00e9 2021 : Les opportunit\u00e9s \u00e0 saisir d\u00e8s maintenant, les secteurs les plus impact\u00e9s par la Covid-19...","robots":{"index":"index","follow":"follow","max-snippet":"max-snippet:-1","max-image-preview":"max-image-preview:large","max-video-preview":"max-video-preview:-1"},"canonical":"https:\/\/ad4screen.com\/en\/livres-blancs\/livre-statistiques-marche\/","og_locale":"en_US","og_type":"article","og_title":"Statistiques march\u00e9 [ tous les chiffres cl\u00e9s de l'\u00e9cosyst\u00e8me mobile !","og_description":"D\u00e9couvrez toutes les statistiques march\u00e9 2021 : Les opportunit\u00e9s \u00e0 saisir d\u00e8s maintenant, les secteurs les plus impact\u00e9s par la Covid-19...","og_url":"https:\/\/ad4screen.com\/en\/livres-blancs\/livre-statistiques-marche","og_site_name":"Ad4screen","article_publisher":"https:\/\/www.facebook.com\/AD4SCREEN","article_modified_time":"2021-08-27T15:54:20+00:00","og_image":[{"url":"https:\/\/ad4screen.com\/wp-content\/uploads\/2021\/05\/LB-Statistiques-marche\u0301-1.png","type":"","width":"","height":""}],"twitter_card":"summary_large_image","twitter_site":"@Ad4Screen","twitter_misc":{"Est. reading time":"3 minutes"},"schema":{"@context":"https:\/\/schema.org","@graph":[{"@type":"WebPage","@id":"https:\/\/ad4screen.com\/en\/livres-blancs\/livre-statistiques-marche","url":"https:\/\/ad4screen.com\/en\/livres-blancs\/livre-statistiques-marche","name":"Statistiques march\u00e9 [ tous les chiffres cl\u00e9s de l'\u00e9cosyst\u00e8me mobile !","isPartOf":{"@id":"https:\/\/ad4screen.com\/#website"},"datePublished":"2021-05-28T08:51:17+00:00","dateModified":"2021-08-27T15:54:20+00:00","description":"D\u00e9couvrez toutes les statistiques march\u00e9 2021 : Les opportunit\u00e9s \u00e0 saisir d\u00e8s maintenant, les secteurs les plus impact\u00e9s par la Covid-19...","breadcrumb":{"@id":"https:\/\/ad4screen.com\/en\/livres-blancs\/livre-statistiques-marche#breadcrumb"},"inLanguage":"en-US","potentialAction":[{"@type":"ReadAction","target":["https:\/\/ad4screen.com\/en\/livres-blancs\/livre-statistiques-marche"]}]},{"@type":"BreadcrumbList","@id":"https:\/\/ad4screen.com\/en\/livres-blancs\/livre-statistiques-marche#breadcrumb","itemListElement":[{"@type":"ListItem","position":1,"name":"Accueil","item":"https:\/\/ad4screen.com\/en\/"},{"@type":"ListItem","position":2,"name":"White papers","item":"https:\/\/ad4screen.com\/en\/white-papers\/"},{"@type":"ListItem","position":3,"name":"livres blanc statistiques march\u00e9\u200b"}]},{"@type":"WebSite","@id":"https:\/\/ad4screen.com\/#website","url":"https:\/\/ad4screen.com\/","name":"Ad4screen","description":"","publisher":{"@id":"https:\/\/ad4screen.com\/#organization"},"potentialAction":[{"@type":"SearchAction","target":{"@type":"EntryPoint","urlTemplate":"https:\/\/ad4screen.com\/?s={search_term_string}"},"query-input":{"@type":"PropertyValueSpecification","valueRequired":true,"valueName":"search_term_string"}}],"inLanguage":"en-US"},{"@type":"Organization","@id":"https:\/\/ad4screen.com\/#organization","name":"Ad4screen","url":"https:\/\/ad4screen.com\/","logo":{"@type":"ImageObject","inLanguage":"en-US","@id":"https:\/\/ad4screen.com\/#\/schema\/logo\/image\/","url":"https:\/\/ad4screen.com\/wp-content\/uploads\/2021\/05\/cropped-favicon-1.png","contentUrl":"https:\/\/ad4screen.com\/wp-content\/uploads\/2021\/05\/cropped-favicon-1.png","width":512,"height":512,"caption":"Ad4screen"},"image":{"@id":"https:\/\/ad4screen.com\/#\/schema\/logo\/image\/"},"sameAs":["https:\/\/www.facebook.com\/AD4SCREEN","https:\/\/x.com\/Ad4Screen","https:\/\/www.linkedin.com\/company\/ad4screen"]}]}},"_links":{"self":[{"href":"https:\/\/ad4screen.com\/en\/wp-json\/wp\/v2\/pages\/5816","targetHints":{"allow":["GET"]}}],"collection":[{"href":"https:\/\/ad4screen.com\/en\/wp-json\/wp\/v2\/pages"}],"about":[{"href":"https:\/\/ad4screen.com\/en\/wp-json\/wp\/v2\/types\/page"}],"author":[{"embeddable":true,"href":"https:\/\/ad4screen.com\/en\/wp-json\/wp\/v2\/users\/1"}],"replies":[{"embeddable":true,"href":"https:\/\/ad4screen.com\/en\/wp-json\/wp\/v2\/comments?post=5816"}],"version-history":[{"count":4,"href":"https:\/\/ad4screen.com\/en\/wp-json\/wp\/v2\/pages\/5816\/revisions"}],"predecessor-version":[{"id":7054,"href":"https:\/\/ad4screen.com\/en\/wp-json\/wp\/v2\/pages\/5816\/revisions\/7054"}],"up":[{"embeddable":true,"href":"https:\/\/ad4screen.com\/en\/wp-json\/wp\/v2\/pages\/5569"}],"wp:attachment":[{"href":"https:\/\/ad4screen.com\/en\/wp-json\/wp\/v2\/media?parent=5816"}],"curies":[{"name":"wp","href":"https:\/\/api.w.org\/{rel}","templated":true}]}}