{"id":5601,"date":"2021-05-27T15:48:30","date_gmt":"2021-05-27T15:48:30","guid":{"rendered":"https:\/\/ad4screen.com\/audit-gratuit\/"},"modified":"2024-07-31T14:03:46","modified_gmt":"2024-07-31T14:03:46","slug":"auditoria-gratuita","status":"publish","type":"page","link":"https:\/\/ad4screen.com\/es\/auditoria-gratuita","title":{"rendered":"Auditoria gratuita"},"content":{"rendered":"\t\t<div data-elementor-type=\"wp-page\" data-elementor-id=\"5601\" class=\"elementor elementor-5601 elementor-1980\">\n\t\t\t\t\t\t\t\t\t<section class=\"elementor-section elementor-top-section elementor-element elementor-element-4868fc4 elementor-section-height-min-height elementor-section-boxed elementor-section-height-default elementor-section-items-middle\" data-id=\"4868fc4\" data-element_type=\"section\" data-settings=\"{&quot;background_background&quot;:&quot;slideshow&quot;,&quot;background_slideshow_gallery&quot;:[{&quot;id&quot;:691,&quot;url&quot;:&quot;https:\\\/\\\/ad4screen.com\\\/wp-content\\\/uploads\\\/2021\\\/05\\\/background-header.jpeg&quot;}],&quot;background_slideshow_loop&quot;:&quot;yes&quot;,&quot;background_slideshow_slide_duration&quot;:5000,&quot;background_slideshow_slide_transition&quot;:&quot;fade&quot;,&quot;background_slideshow_transition_duration&quot;:500}\">\n\t\t\t\t\t\t<div class=\"elementor-container elementor-column-gap-default\">\n\t\t\t\t\t<div class=\"elementor-column elementor-col-100 elementor-top-column elementor-element elementor-element-ea6b4da\" data-id=\"ea6b4da\" data-element_type=\"column\">\n\t\t\t<div class=\"elementor-widget-wrap elementor-element-populated\">\n\t\t\t\t\t\t\t\t<div class=\"elementor-element elementor-element-2affd22 elementor-widget elementor-widget-heading\" data-id=\"2affd22\" data-element_type=\"widget\" data-widget_type=\"heading.default\">\n\t\t\t\t<div class=\"elementor-widget-container\">\n\t\t\t<h1 class=\"elementor-heading-title elementor-size-default\">Auditor\u00eda gratuita<\/h1>\t\t<\/div>\n\t\t\t\t<\/div>\n\t\t\t\t<div class=\"elementor-element elementor-element-f02f636 elementor-widget elementor-widget-text-editor\" data-id=\"f02f636\" data-element_type=\"widget\" data-widget_type=\"text-editor.default\">\n\t\t\t\t<div class=\"elementor-widget-container\">\n\t\t\t\t\t\t\t<p>Nuestros expertos llevan a cabo una auditor\u00eda de sus acciones para identificar juntos las \u00e1reas de mejora.<\/p>\t\t\t\t\t\t<\/div>\n\t\t\t\t<\/div>\n\t\t\t\t\t<\/div>\n\t\t<\/div>\n\t\t\t\t\t\t\t<\/div>\n\t\t<\/section>\n\t\t\t\t<section class=\"elementor-section elementor-top-section elementor-element elementor-element-7de5333 elementor-section-items-top elementor-section-height-min-height elementor-section-content-middle livres-blancs-page  elementor-section-boxed elementor-section-height-default\" data-id=\"7de5333\" data-element_type=\"section\" data-settings=\"{&quot;background_background&quot;:&quot;classic&quot;}\">\n\t\t\t\t\t\t\t<div class=\"elementor-background-overlay\"><\/div>\n\t\t\t\t\t\t\t<div class=\"elementor-container elementor-column-gap-wider\">\n\t\t\t\t\t<div class=\"elementor-column elementor-col-50 elementor-top-column elementor-element elementor-element-508b2c7d\" data-id=\"508b2c7d\" data-element_type=\"column\">\n\t\t\t<div class=\"elementor-widget-wrap elementor-element-populated\">\n\t\t\t\t\t\t\t\t<div class=\"elementor-element elementor-element-aeac0d6 elementor-widget elementor-widget-text-editor\" data-id=\"aeac0d6\" data-element_type=\"widget\" data-widget_type=\"text-editor.default\">\n\t\t\t\t<div class=\"elementor-widget-container\">\n\t\t\t\t\t\t\t<p>\u00a1Escr\u00edbenos!<\/p>\t\t\t\t\t\t<\/div>\n\t\t\t\t<\/div>\n\t\t\t\t<div class=\"elementor-element elementor-element-0053c6b elementor-widget elementor-widget-heading\" data-id=\"0053c6b\" data-element_type=\"widget\" data-widget_type=\"heading.default\">\n\t\t\t\t<div class=\"elementor-widget-container\">\n\t\t\t<h2 class=\"elementor-heading-title elementor-size-default\">Solicite una auditor\u00eda gratuita<\/h2>\t\t<\/div>\n\t\t\t\t<\/div>\n\t\t\t\t<div class=\"elementor-element elementor-element-48e0efe img-popup-asset elementor-widget elementor-widget-image\" data-id=\"48e0efe\" data-element_type=\"widget\" data-widget_type=\"image.default\">\n\t\t\t\t<div class=\"elementor-widget-container\">\n\t\t\t\t\t\t\t\t\t\t\t\t\t\t\t<img fetchpriority=\"high\" decoding=\"async\" width=\"600\" height=\"600\" src=\"https:\/\/ad4screen.com\/wp-content\/uploads\/2021\/06\/illustrations_Audit.png\" class=\"attachment-large size-large wp-image-5203\" alt=\"\" srcset=\"https:\/\/ad4screen.com\/wp-content\/uploads\/2021\/06\/illustrations_Audit.png 600w, https:\/\/ad4screen.com\/wp-content\/uploads\/2021\/06\/illustrations_Audit-300x300.png 300w, https:\/\/ad4screen.com\/wp-content\/uploads\/2021\/06\/illustrations_Audit-150x150.png 150w\" sizes=\"(max-width: 600px) 100vw, 600px\" \/>\t\t\t\t\t\t\t\t\t\t\t\t\t\t\t<\/div>\n\t\t\t\t<\/div>\n\t\t\t\t<div class=\"elementor-element elementor-element-2d6ff34 elementor-widget elementor-widget-text-editor\" data-id=\"2d6ff34\" data-element_type=\"widget\" data-widget_type=\"text-editor.default\">\n\t\t\t\t<div class=\"elementor-widget-container\">\n\t\t\t\t\t\t\t<p>\u00bfDesea reevaluar su situaci\u00f3n y tiene preguntas sobre la efectividad de sus acciones digitales? \u00bfSe pregunta c\u00f3mo mejorar el rendimiento de sus campa\u00f1as? \u00bfNo tiene claro en qu\u00e9 aspectos necesita mejorar?<\/p><p><br><\/p>\n<p>\u00a1Estamos aqu\u00ed para ayudarle! Le ofrecemos auditar las acciones que desee y acompa\u00f1arle en la interpretaci\u00f3n de sus resultados. \u00a1Y lo mejor de todo es que es gratis! <img decoding=\"async\" draggable=\"false\" role=\"img\" class=\"emoji\" alt=\"\ud83d\ude42\" src=\"https:\/\/s.w.org\/images\/core\/emoji\/14.0.0\/svg\/1f642.svg\"><\/p>\n<p><br><\/p>\n<p>Solicite la auditor\u00eda gratuita de su elecci\u00f3n:<\/p>\t\t\t\t\t\t<\/div>\n\t\t\t\t<\/div>\n\t\t\t\t<div class=\"elementor-element elementor-element-609579df elementor-icon-list--layout-traditional elementor-list-item-link-full_width elementor-widget elementor-widget-icon-list\" data-id=\"609579df\" data-element_type=\"widget\" data-widget_type=\"icon-list.default\">\n\t\t\t\t<div class=\"elementor-widget-container\">\n\t\t\t\t\t<ul class=\"elementor-icon-list-items\">\n\t\t\t\t\t\t\t<li class=\"elementor-icon-list-item\">\n\t\t\t\t\t\t\t\t\t\t\t<span class=\"elementor-icon-list-icon\">\n\t\t\t\t\t\t\t<i aria-hidden=\"true\" class=\"fas fa-circle\"><\/i>\t\t\t\t\t\t<\/span>\n\t\t\t\t\t\t\t\t\t\t<span class=\"elementor-icon-list-text\">ASO (referencia de sus aplicaciones en el Store)<\/span>\n\t\t\t\t\t\t\t\t\t<\/li>\n\t\t\t\t\t\t\t\t<li class=\"elementor-icon-list-item\">\n\t\t\t\t\t\t\t\t\t\t\t<span class=\"elementor-icon-list-icon\">\n\t\t\t\t\t\t\t<i aria-hidden=\"true\" class=\"fas fa-circle\"><\/i>\t\t\t\t\t\t<\/span>\n\t\t\t\t\t\t\t\t\t\t<span class=\"elementor-icon-list-text\">CRM<\/span>\n\t\t\t\t\t\t\t\t\t<\/li>\n\t\t\t\t\t\t\t\t<li class=\"elementor-icon-list-item\">\n\t\t\t\t\t\t\t\t\t\t\t<span class=\"elementor-icon-list-icon\">\n\t\t\t\t\t\t\t<i aria-hidden=\"true\" class=\"fas fa-circle\"><\/i>\t\t\t\t\t\t<\/span>\n\t\t\t\t\t\t\t\t\t\t<span class=\"elementor-icon-list-text\">Campa\u00f1as Facebook<\/span>\n\t\t\t\t\t\t\t\t\t<\/li>\n\t\t\t\t\t\t\t\t<li class=\"elementor-icon-list-item\">\n\t\t\t\t\t\t\t\t\t\t\t<span class=\"elementor-icon-list-icon\">\n\t\t\t\t\t\t\t<i aria-hidden=\"true\" class=\"fas fa-circle\"><\/i>\t\t\t\t\t\t<\/span>\n\t\t\t\t\t\t\t\t\t\t<span class=\"elementor-icon-list-text\">Campa\u00f1as Google<\/span>\n\t\t\t\t\t\t\t\t\t<\/li>\n\t\t\t\t\t\t\t\t<li class=\"elementor-icon-list-item\">\n\t\t\t\t\t\t\t\t\t\t\t<span class=\"elementor-icon-list-icon\">\n\t\t\t\t\t\t\t<i aria-hidden=\"true\" class=\"fas fa-circle\"><\/i>\t\t\t\t\t\t<\/span>\n\t\t\t\t\t\t\t\t\t\t<span class=\"elementor-icon-list-text\">Campa\u00f1as de retargeting<\/span>\n\t\t\t\t\t\t\t\t\t<\/li>\n\t\t\t\t\t\t\t\t<li class=\"elementor-icon-list-item\">\n\t\t\t\t\t\t\t\t\t\t\t<span class=\"elementor-icon-list-icon\">\n\t\t\t\t\t\t\t<i aria-hidden=\"true\" class=\"fas fa-circle\"><\/i>\t\t\t\t\t\t<\/span>\n\t\t\t\t\t\t\t\t\t\t<span class=\"elementor-icon-list-text\">Otras campa\u00f1as (Snapchat, TikTok, Pinterest..)<\/span>\n\t\t\t\t\t\t\t\t\t<\/li>\n\t\t\t\t\t\t<\/ul>\n\t\t\t\t<\/div>\n\t\t\t\t<\/div>\n\t\t\t\t<div class=\"elementor-element elementor-element-5a1b6253 elementor-widget elementor-widget-text-editor\" data-id=\"5a1b6253\" data-element_type=\"widget\" data-widget_type=\"text-editor.default\">\n\t\t\t\t<div class=\"elementor-widget-container\">\n\t\t\t\t\t\t\t<p>Nuestros expertos se pondr\u00e1n en contacto con usted de inmediato para identificar las \u00e1reas de mejora.<\/p>\t\t\t\t\t\t<\/div>\n\t\t\t\t<\/div>\n\t\t\t\t\t<\/div>\n\t\t<\/div>\n\t\t\t\t<div class=\"elementor-column elementor-col-50 elementor-top-column elementor-element elementor-element-447d0012\" data-id=\"447d0012\" data-element_type=\"column\">\n\t\t\t<div class=\"elementor-widget-wrap elementor-element-populated\">\n\t\t\t\t\t\t\t\t<div class=\"elementor-element elementor-element-3bc959b8 form-livre-blanc elementor-widget elementor-widget-shortcode\" data-id=\"3bc959b8\" data-element_type=\"widget\" data-widget_type=\"shortcode.default\">\n\t\t\t\t<div class=\"elementor-widget-container\">\n\t\t\t\t\t<div class=\"elementor-shortcode\">\n\t\t\t\t\t<script>\n\t\t\t\t\t\twindow.hsFormsOnReady = window.hsFormsOnReady || [];\n\t\t\t\t\t\twindow.hsFormsOnReady.push(()=>{\n\t\t\t\t\t\t\thbspt.forms.create({\n\t\t\t\t\t\t\t\tportalId: 2539528,\n\t\t\t\t\t\t\t\tformId: \"19816886-468d-407c-a393-67971aa213f4\",\n\t\t\t\t\t\t\t\ttarget: \"#hbspt-form-1776764375000-5106596324\",\n\t\t\t\t\t\t\t\tregion: \"na1\",\n\t\t\t\t\t\t\t\t\n\t\t\t\t\t\t})});\n\t\t\t\t\t<\/script>\n\t\t\t\t\t<div class=\"hbspt-form\" id=\"hbspt-form-1776764375000-5106596324\"><\/div><\/div>\n\t\t\t\t<\/div>\n\t\t\t\t<\/div>\n\t\t\t\t\t<\/div>\n\t\t<\/div>\n\t\t\t\t\t\t\t<\/div>\n\t\t<\/section>\n\t\t\t\t\t\t\t<\/div>\n\t\t","protected":false},"excerpt":{"rendered":"<p>Auditor\u00eda gratuita Nuestros expertos llevan a cabo una auditor\u00eda de sus acciones para identificar juntos las \u00e1reas de mejora. \u00a1Escr\u00edbenos! Solicite una auditor\u00eda gratuita \u00bfDesea reevaluar su situaci\u00f3n y tiene preguntas sobre la efectividad de sus acciones digitales? \u00bfSe pregunta c\u00f3mo mejorar el rendimiento de sus campa\u00f1as? \u00bfNo tiene claro en qu\u00e9 aspectos necesita mejorar? [&hellip;]<\/p>\n","protected":false},"author":1,"featured_media":0,"parent":0,"menu_order":0,"comment_status":"closed","ping_status":"closed","template":"","meta":{"footnotes":""},"class_list":["post-5601","page","type-page","status-publish","hentry"],"yoast_head":"<!-- This site is optimized with the Yoast SEO plugin v24.9 - https:\/\/yoast.com\/wordpress\/plugins\/seo\/ -->\n<title>Auditor\u00eda Gratuita | Solicite una auditor\u00eda de sus acciones de marketing<\/title>\n<meta name=\"description\" content=\"Revise las acciones que lleva a cabo hasta ahora. \u00a1Uno de nuestros expertos se pondr\u00e1 en contacto con usted r\u00e1pidamente para una auditor\u00eda gratuita!\" \/>\n<meta name=\"robots\" content=\"index, follow, max-snippet:-1, max-image-preview:large, max-video-preview:-1\" \/>\n<link rel=\"canonical\" href=\"https:\/\/ad4screen.com\/es\/auditoria-gratuita\/\" \/>\n<meta property=\"og:locale\" content=\"es_ES\" \/>\n<meta property=\"og:type\" content=\"article\" \/>\n<meta property=\"og:title\" content=\"Auditor\u00eda Gratuita | Solicite una auditor\u00eda de sus acciones de marketing\" \/>\n<meta property=\"og:description\" content=\"Revise las acciones que lleva a cabo hasta ahora. \u00a1Uno de nuestros expertos se pondr\u00e1 en contacto con usted r\u00e1pidamente para una auditor\u00eda gratuita!\" \/>\n<meta property=\"og:url\" content=\"https:\/\/ad4screen.com\/es\/auditoria-gratuita\" \/>\n<meta property=\"og:site_name\" content=\"Ad4screen\" \/>\n<meta property=\"article:publisher\" content=\"https:\/\/www.facebook.com\/AD4SCREEN\" \/>\n<meta property=\"article:modified_time\" content=\"2024-07-31T14:03:46+00:00\" \/>\n<meta property=\"og:image\" content=\"https:\/\/ad4screen.com\/wp-content\/uploads\/2021\/06\/illustrations_Audit.png\" \/>\n<meta name=\"twitter:card\" content=\"summary_large_image\" \/>\n<meta name=\"twitter:site\" content=\"@Ad4Screen\" \/>\n<meta name=\"twitter:label1\" content=\"Tiempo de lectura\" \/>\n\t<meta name=\"twitter:data1\" content=\"3 minutos\" \/>\n<script type=\"application\/ld+json\" class=\"yoast-schema-graph\">{\"@context\":\"https:\/\/schema.org\",\"@graph\":[{\"@type\":\"WebPage\",\"@id\":\"https:\/\/ad4screen.com\/es\/auditoria-gratuita\",\"url\":\"https:\/\/ad4screen.com\/es\/auditoria-gratuita\",\"name\":\"Auditor\u00eda Gratuita | Solicite una auditor\u00eda de sus acciones de marketing\",\"isPartOf\":{\"@id\":\"https:\/\/ad4screen.com\/#website\"},\"primaryImageOfPage\":{\"@id\":\"https:\/\/ad4screen.com\/es\/auditoria-gratuita#primaryimage\"},\"image\":{\"@id\":\"https:\/\/ad4screen.com\/es\/auditoria-gratuita#primaryimage\"},\"thumbnailUrl\":\"https:\/\/ad4screen.com\/wp-content\/uploads\/2021\/06\/illustrations_Audit.png\",\"datePublished\":\"2021-05-27T15:48:30+00:00\",\"dateModified\":\"2024-07-31T14:03:46+00:00\",\"description\":\"Revise las acciones que lleva a cabo hasta ahora. \u00a1Uno de nuestros expertos se pondr\u00e1 en contacto con usted r\u00e1pidamente para una auditor\u00eda gratuita!\",\"breadcrumb\":{\"@id\":\"https:\/\/ad4screen.com\/es\/auditoria-gratuita#breadcrumb\"},\"inLanguage\":\"es\",\"potentialAction\":[{\"@type\":\"ReadAction\",\"target\":[\"https:\/\/ad4screen.com\/es\/auditoria-gratuita\"]}]},{\"@type\":\"ImageObject\",\"inLanguage\":\"es\",\"@id\":\"https:\/\/ad4screen.com\/es\/auditoria-gratuita#primaryimage\",\"url\":\"https:\/\/ad4screen.com\/wp-content\/uploads\/2021\/06\/illustrations_Audit.png\",\"contentUrl\":\"https:\/\/ad4screen.com\/wp-content\/uploads\/2021\/06\/illustrations_Audit.png\"},{\"@type\":\"BreadcrumbList\",\"@id\":\"https:\/\/ad4screen.com\/es\/auditoria-gratuita#breadcrumb\",\"itemListElement\":[{\"@type\":\"ListItem\",\"position\":1,\"name\":\"Accueil\",\"item\":\"https:\/\/ad4screen.com\/es\/\"},{\"@type\":\"ListItem\",\"position\":2,\"name\":\"Auditoria gratuita\"}]},{\"@type\":\"WebSite\",\"@id\":\"https:\/\/ad4screen.com\/#website\",\"url\":\"https:\/\/ad4screen.com\/\",\"name\":\"Ad4screen\",\"description\":\"\",\"publisher\":{\"@id\":\"https:\/\/ad4screen.com\/#organization\"},\"potentialAction\":[{\"@type\":\"SearchAction\",\"target\":{\"@type\":\"EntryPoint\",\"urlTemplate\":\"https:\/\/ad4screen.com\/?s={search_term_string}\"},\"query-input\":{\"@type\":\"PropertyValueSpecification\",\"valueRequired\":true,\"valueName\":\"search_term_string\"}}],\"inLanguage\":\"es\"},{\"@type\":\"Organization\",\"@id\":\"https:\/\/ad4screen.com\/#organization\",\"name\":\"Ad4screen\",\"url\":\"https:\/\/ad4screen.com\/\",\"logo\":{\"@type\":\"ImageObject\",\"inLanguage\":\"es\",\"@id\":\"https:\/\/ad4screen.com\/#\/schema\/logo\/image\/\",\"url\":\"https:\/\/ad4screen.com\/wp-content\/uploads\/2021\/05\/cropped-favicon-1.png\",\"contentUrl\":\"https:\/\/ad4screen.com\/wp-content\/uploads\/2021\/05\/cropped-favicon-1.png\",\"width\":512,\"height\":512,\"caption\":\"Ad4screen\"},\"image\":{\"@id\":\"https:\/\/ad4screen.com\/#\/schema\/logo\/image\/\"},\"sameAs\":[\"https:\/\/www.facebook.com\/AD4SCREEN\",\"https:\/\/x.com\/Ad4Screen\",\"https:\/\/www.linkedin.com\/company\/ad4screen\"]}]}<\/script>\n<!-- \/ Yoast SEO plugin. -->","yoast_head_json":{"title":"Auditor\u00eda Gratuita | Solicite una auditor\u00eda de sus acciones de marketing","description":"Revise las acciones que lleva a cabo hasta ahora. \u00a1Uno de nuestros expertos se pondr\u00e1 en contacto con usted r\u00e1pidamente para una auditor\u00eda gratuita!","robots":{"index":"index","follow":"follow","max-snippet":"max-snippet:-1","max-image-preview":"max-image-preview:large","max-video-preview":"max-video-preview:-1"},"canonical":"https:\/\/ad4screen.com\/es\/auditoria-gratuita\/","og_locale":"es_ES","og_type":"article","og_title":"Auditor\u00eda Gratuita | Solicite una auditor\u00eda de sus acciones de marketing","og_description":"Revise las acciones que lleva a cabo hasta ahora. \u00a1Uno de nuestros expertos se pondr\u00e1 en contacto con usted r\u00e1pidamente para una auditor\u00eda gratuita!","og_url":"https:\/\/ad4screen.com\/es\/auditoria-gratuita","og_site_name":"Ad4screen","article_publisher":"https:\/\/www.facebook.com\/AD4SCREEN","article_modified_time":"2024-07-31T14:03:46+00:00","og_image":[{"url":"https:\/\/ad4screen.com\/wp-content\/uploads\/2021\/06\/illustrations_Audit.png","type":"","width":"","height":""}],"twitter_card":"summary_large_image","twitter_site":"@Ad4Screen","twitter_misc":{"Tiempo de lectura":"3 minutos"},"schema":{"@context":"https:\/\/schema.org","@graph":[{"@type":"WebPage","@id":"https:\/\/ad4screen.com\/es\/auditoria-gratuita","url":"https:\/\/ad4screen.com\/es\/auditoria-gratuita","name":"Auditor\u00eda Gratuita | Solicite una auditor\u00eda de sus acciones de marketing","isPartOf":{"@id":"https:\/\/ad4screen.com\/#website"},"primaryImageOfPage":{"@id":"https:\/\/ad4screen.com\/es\/auditoria-gratuita#primaryimage"},"image":{"@id":"https:\/\/ad4screen.com\/es\/auditoria-gratuita#primaryimage"},"thumbnailUrl":"https:\/\/ad4screen.com\/wp-content\/uploads\/2021\/06\/illustrations_Audit.png","datePublished":"2021-05-27T15:48:30+00:00","dateModified":"2024-07-31T14:03:46+00:00","description":"Revise las acciones que lleva a cabo hasta ahora. \u00a1Uno de nuestros expertos se pondr\u00e1 en contacto con usted r\u00e1pidamente para una auditor\u00eda gratuita!","breadcrumb":{"@id":"https:\/\/ad4screen.com\/es\/auditoria-gratuita#breadcrumb"},"inLanguage":"es","potentialAction":[{"@type":"ReadAction","target":["https:\/\/ad4screen.com\/es\/auditoria-gratuita"]}]},{"@type":"ImageObject","inLanguage":"es","@id":"https:\/\/ad4screen.com\/es\/auditoria-gratuita#primaryimage","url":"https:\/\/ad4screen.com\/wp-content\/uploads\/2021\/06\/illustrations_Audit.png","contentUrl":"https:\/\/ad4screen.com\/wp-content\/uploads\/2021\/06\/illustrations_Audit.png"},{"@type":"BreadcrumbList","@id":"https:\/\/ad4screen.com\/es\/auditoria-gratuita#breadcrumb","itemListElement":[{"@type":"ListItem","position":1,"name":"Accueil","item":"https:\/\/ad4screen.com\/es\/"},{"@type":"ListItem","position":2,"name":"Auditoria gratuita"}]},{"@type":"WebSite","@id":"https:\/\/ad4screen.com\/#website","url":"https:\/\/ad4screen.com\/","name":"Ad4screen","description":"","publisher":{"@id":"https:\/\/ad4screen.com\/#organization"},"potentialAction":[{"@type":"SearchAction","target":{"@type":"EntryPoint","urlTemplate":"https:\/\/ad4screen.com\/?s={search_term_string}"},"query-input":{"@type":"PropertyValueSpecification","valueRequired":true,"valueName":"search_term_string"}}],"inLanguage":"es"},{"@type":"Organization","@id":"https:\/\/ad4screen.com\/#organization","name":"Ad4screen","url":"https:\/\/ad4screen.com\/","logo":{"@type":"ImageObject","inLanguage":"es","@id":"https:\/\/ad4screen.com\/#\/schema\/logo\/image\/","url":"https:\/\/ad4screen.com\/wp-content\/uploads\/2021\/05\/cropped-favicon-1.png","contentUrl":"https:\/\/ad4screen.com\/wp-content\/uploads\/2021\/05\/cropped-favicon-1.png","width":512,"height":512,"caption":"Ad4screen"},"image":{"@id":"https:\/\/ad4screen.com\/#\/schema\/logo\/image\/"},"sameAs":["https:\/\/www.facebook.com\/AD4SCREEN","https:\/\/x.com\/Ad4Screen","https:\/\/www.linkedin.com\/company\/ad4screen"]}]}},"_links":{"self":[{"href":"https:\/\/ad4screen.com\/es\/wp-json\/wp\/v2\/pages\/5601","targetHints":{"allow":["GET"]}}],"collection":[{"href":"https:\/\/ad4screen.com\/es\/wp-json\/wp\/v2\/pages"}],"about":[{"href":"https:\/\/ad4screen.com\/es\/wp-json\/wp\/v2\/types\/page"}],"author":[{"embeddable":true,"href":"https:\/\/ad4screen.com\/es\/wp-json\/wp\/v2\/users\/1"}],"replies":[{"embeddable":true,"href":"https:\/\/ad4screen.com\/es\/wp-json\/wp\/v2\/comments?post=5601"}],"version-history":[{"count":17,"href":"https:\/\/ad4screen.com\/es\/wp-json\/wp\/v2\/pages\/5601\/revisions"}],"predecessor-version":[{"id":16800,"href":"https:\/\/ad4screen.com\/es\/wp-json\/wp\/v2\/pages\/5601\/revisions\/16800"}],"wp:attachment":[{"href":"https:\/\/ad4screen.com\/es\/wp-json\/wp\/v2\/media?parent=5601"}],"curies":[{"name":"wp","href":"https:\/\/api.w.org\/{rel}","templated":true}]}}