{"id":5611,"date":"2021-05-14T08:30:02","date_gmt":"2021-05-14T08:30:02","guid":{"rendered":"https:\/\/ad4screen.com\/mentions-legales\/"},"modified":"2024-07-31T14:04:35","modified_gmt":"2024-07-31T14:04:35","slug":"aviso-legal","status":"publish","type":"page","link":"https:\/\/ad4screen.com\/es\/aviso-legal","title":{"rendered":"Aviso legal"},"content":{"rendered":"\t\t<div data-elementor-type=\"wp-page\" data-elementor-id=\"5611\" class=\"elementor elementor-5611 elementor-846\">\n\t\t\t\t\t\t\t\t\t<section class=\"elementor-section elementor-top-section elementor-element elementor-element-4868fc4 elementor-section-height-min-height elementor-section-boxed elementor-section-height-default elementor-section-items-middle\" data-id=\"4868fc4\" data-element_type=\"section\" data-settings=\"{&quot;background_background&quot;:&quot;slideshow&quot;,&quot;background_slideshow_gallery&quot;:[{&quot;id&quot;:691,&quot;url&quot;:&quot;https:\\\/\\\/ad4screen.com\\\/wp-content\\\/uploads\\\/2021\\\/05\\\/background-header.jpeg&quot;}],&quot;background_slideshow_loop&quot;:&quot;yes&quot;,&quot;background_slideshow_slide_duration&quot;:5000,&quot;background_slideshow_slide_transition&quot;:&quot;fade&quot;,&quot;background_slideshow_transition_duration&quot;:500}\">\n\t\t\t\t\t\t<div class=\"elementor-container elementor-column-gap-default\">\n\t\t\t\t\t<div class=\"elementor-column elementor-col-100 elementor-top-column elementor-element elementor-element-ea6b4da\" data-id=\"ea6b4da\" data-element_type=\"column\">\n\t\t\t<div class=\"elementor-widget-wrap elementor-element-populated\">\n\t\t\t\t\t\t\t\t<div class=\"elementor-element elementor-element-2affd22 elementor-widget elementor-widget-heading\" data-id=\"2affd22\" data-element_type=\"widget\" data-widget_type=\"heading.default\">\n\t\t\t\t<div class=\"elementor-widget-container\">\n\t\t\t<h1 class=\"elementor-heading-title elementor-size-default\">Aviso legal<\/h1>\t\t<\/div>\n\t\t\t\t<\/div>\n\t\t\t\t\t<\/div>\n\t\t<\/div>\n\t\t\t\t\t\t\t<\/div>\n\t\t<\/section>\n\t\t\t\t<section class=\"elementor-section elementor-top-section elementor-element elementor-element-ee04d62 elementor-section-boxed elementor-section-height-default elementor-section-height-default\" data-id=\"ee04d62\" data-element_type=\"section\">\n\t\t\t\t\t\t<div class=\"elementor-container elementor-column-gap-default\">\n\t\t\t\t\t<div class=\"elementor-column elementor-col-100 elementor-top-column elementor-element elementor-element-28e356a\" data-id=\"28e356a\" data-element_type=\"column\">\n\t\t\t<div class=\"elementor-widget-wrap\">\n\t\t\t\t\t\t\t\t\t<\/div>\n\t\t<\/div>\n\t\t\t\t\t\t\t<\/div>\n\t\t<\/section>\n\t\t\t\t<section class=\"elementor-section elementor-top-section elementor-element elementor-element-2598e8f elementor-section-boxed elementor-section-height-default elementor-section-height-default\" data-id=\"2598e8f\" data-element_type=\"section\">\n\t\t\t\t\t\t<div class=\"elementor-container elementor-column-gap-default\">\n\t\t\t\t\t<div class=\"elementor-column elementor-col-100 elementor-top-column elementor-element elementor-element-3da9b75\" data-id=\"3da9b75\" data-element_type=\"column\">\n\t\t\t<div class=\"elementor-widget-wrap elementor-element-populated\">\n\t\t\t\t\t\t\t\t<div class=\"elementor-element elementor-element-009ace7 elementor-widget elementor-widget-text-editor\" data-id=\"009ace7\" data-element_type=\"widget\" data-widget_type=\"text-editor.default\">\n\t\t\t\t<div class=\"elementor-widget-container\">\n\t\t\t\t\t\t\t<p>Pagina Web publicada por Ad4Screen S.A. con un capital de 540.300,00 Euros, cuya sede social se encuentra en 08, rue de Choiseul 75002 Par\u00eds<\/p><p>Inscrita en el Registro Mercantil de PAR\u00cdS con el n\u00famero B 525 153 904.<\/p><p>N\u00famero de cat\u00e1logo : 525 153 904 00020. N\u00famero de IVA intracomunitario FR43 525 153 904.<\/p><p>Tel: 01 44 50 08 34<br \/>Fax: 01 44 56 96 34<\/p><p>\u00a0<\/p><p><span class=\"s57\">Desde aqu\u00ed hasta el final <\/span><span class=\"s57\">esta<\/span> <span class=\"s57\">bien<\/span><span class=\"s57\"> pero hay frases <\/span><span class=\"s57\">que cada pa\u00eds tiene su <\/span><span class=\"s57\">vovabulario<\/span><span class=\"s57\">, yo lo buscar\u00eda<\/span><span class=\"s57\">. No obstante se entiende perfectamente y est\u00e1 <\/span><span class=\"s57\">bien \u00a0redactado<\/span><\/p>\t\t\t\t\t\t<\/div>\n\t\t\t\t<\/div>\n\t\t\t\t<div class=\"elementor-element elementor-element-f275362 elementor-widget elementor-widget-heading\" data-id=\"f275362\" data-element_type=\"widget\" data-widget_type=\"heading.default\">\n\t\t\t\t<div class=\"elementor-widget-container\">\n\t\t\t<h2 class=\"elementor-heading-title elementor-size-default\">Respeto de la vida privada y de los datos personales<\/h2>\t\t<\/div>\n\t\t\t\t<\/div>\n\t\t\t\t<div class=\"elementor-element elementor-element-549b531 elementor-widget elementor-widget-text-editor\" data-id=\"549b531\" data-element_type=\"widget\" data-widget_type=\"text-editor.default\">\n\t\t\t\t<div class=\"elementor-widget-container\">\n\t\t\t\t\t\t\t<p><span class=\"s57\">Tiene derecho a acceder y modificar sus datos personales. Esta es la pol\u00edtica de privacidad adoptada por Ad4Screen. Est<\/span><span class=\"s57\">a <\/span><span class=\"s57\">Pagina<\/span><span class=\"s57\"> Web <\/span><span class=\"s57\">ha sido declarad<\/span><span class=\"s57\">a<\/span><span class=\"s57\"> a la CNIL (Autoridad Francesa de Protecci\u00f3n de Datos) con el n\u00famero 1518677.<\/span><\/p><p>\u00a0<\/p><p><span class=\"s57\">Solo utilizaremos sus datos personales para administrar su cuenta, proporcionarle los productos y servicios que ha solicitado o contactar con usted sobre nuestros productos, servicios y eventos.<\/span><\/p><p>\u00a0<\/p><p><span class=\"s57\">Tiene derecho a acceder, modificar, rectificar y eliminar los datos que le conciernen (art\u00edculo 34 de la ley &#8216;<\/span><span class=\"s57\">Informatique<\/span><span class=\"s57\"> et <\/span><span class=\"s57\">Libert\u00e9s<\/span><span class=\"s57\">&#8216; n\u00b078-17 del 16 de enero de 1978). Para ejercer este derecho, p\u00f3ngase en contacto con Ad4Screen 08 rue de <\/span><span class=\"s57\">Choiseul<\/span><span class=\"s57\"> 75 002 Paris. Por &#8216;Informaci\u00f3n Personal&#8217;, nos referimos a cualquier informaci\u00f3n que pueda identificar a una persona. La mayor\u00eda de las veces ser\u00e1 un nombre, una direcci\u00f3n, un n\u00famero de tel\u00e9fono o una direcci\u00f3n de correo electr\u00f3nico.<\/span><\/p>\t\t\t\t\t\t<\/div>\n\t\t\t\t<\/div>\n\t\t\t\t<div class=\"elementor-element elementor-element-e2a3a5b elementor-widget elementor-widget-heading\" data-id=\"e2a3a5b\" data-element_type=\"widget\" data-widget_type=\"heading.default\">\n\t\t\t\t<div class=\"elementor-widget-container\">\n\t\t\t<h2 class=\"elementor-heading-title elementor-size-default\">Respeto de los derechos de autor<\/h2>\t\t<\/div>\n\t\t\t\t<\/div>\n\t\t\t\t<div class=\"elementor-element elementor-element-84e02b9 elementor-widget elementor-widget-heading\" data-id=\"84e02b9\" data-element_type=\"widget\" data-widget_type=\"heading.default\">\n\t\t\t\t<div class=\"elementor-widget-container\">\n\t\t\t<h2 class=\"elementor-heading-title elementor-size-default\">Uso de la informaci\u00f3n de la p\u00e1gina y derechos de autor<\/h2>\t\t<\/div>\n\t\t\t\t<\/div>\n\t\t\t\t<div class=\"elementor-element elementor-element-f696c7f elementor-widget elementor-widget-text-editor\" data-id=\"f696c7f\" data-element_type=\"widget\" data-widget_type=\"text-editor.default\">\n\t\t\t\t<div class=\"elementor-widget-container\">\n\t\t\t\t\t\t\t<p><span class=\"s57\">El uso de cualquier material <\/span><span class=\"s57\">de la p\u00e1gina<\/span><span class=\"s57\"> web de Ad4Screen est\u00e1 autorizado \u00fanicamente para uso privado. Cualquier uso que pueda hacerse para otros fines est\u00e1 expresamente prohibido. Ad4Screen hace todo lo posible para garantizar, en la medida de sus posibilidades, la exactitud y actualizaci\u00f3n de la informaci\u00f3n publicada en est<\/span><span class=\"s57\">a p\u00e1gina web<\/span><span class=\"s57\">, cuyo contenido se reserva el derecho de corregir en cualquier momento y sin previo aviso. Por lo tanto, advierte al visitante que le corresponde verificar la informaci\u00f3n por otros medios, incluso poni\u00e9ndose en contacto con la empresa.<\/span><\/p><p>\u00a0<\/p><p><span class=\"s57\">Ad4Screen declina toda responsabilidad : por cualquier imprecisi\u00f3n, inexactitud u omisi\u00f3n respecto a la informaci\u00f3n disponible en <\/span><span class=\"s57\">la p\u00e1gina web<\/span><span class=\"s57\">; por cualquier da\u00f1o resultante de una intrusi\u00f3n fraudulenta de un tercero que haya dado lugar a una modificaci\u00f3n de la informaci\u00f3n puesta a disposici\u00f3n en <\/span><span class=\"s57\">la p\u00e1gina web<\/span><span class=\"s57\">; y, de manera m\u00e1s general, por cualquier da\u00f1o, directo o indirecto, independientemente de las causas, or\u00edgenes, naturaleza o consecuencias, causado por el acceso de cualquier persona a<\/span><span class=\"s57\"> la p\u00e1gina web <\/span><span class=\"s57\">o la imposibilidad de acceder al sitio, as\u00ed como el uso de<\/span><span class=\"s57\"> la p\u00e1gina web <\/span><span class=\"s57\">y\/ o el cr\u00e9dito concedido a cualquier informaci\u00f3n procedente directa o indirectamente de est<\/span><span class=\"s57\">a<\/span><span class=\"s57\"> \u00faltim<\/span><span class=\"s57\">a<\/span><span class=\"s57\">.<\/span><\/p><p>\u00a0<\/p><p><span class=\"s57\">Adem\u00e1s, a menos que se indique lo contrario, los derechos de propiedad intelectual sobre los documentos contenidos en <\/span><span class=\"s57\">la p\u00e1gina web<\/span><span class=\"s57\"> y cada uno de los elementos creados para est<\/span><span class=\"s57\">a p\u00e1gina<\/span><span class=\"s57\"> son propiedad exclusiva de Ad4Screen o sus proveedores, que no otorgan ninguna licencia o derecho que no sea el de consultar <\/span><span class=\"s57\">la p\u00e1gina<\/span><span class=\"s57\">. La reproducci\u00f3n de cualquier material publicado en <\/span><span class=\"s57\">la p\u00e1gina <\/span><span class=\"s57\">est\u00e1 autorizada \u00fanicamente con el fin de proporcionar informaci\u00f3n para uso personal y privado, y cualquier reproducci\u00f3n y uso de copias realizadas para otros fines est\u00e1 expresamente prohibido.<\/span><\/p><p>\u00a0<\/p><p><span class=\"s57\">Todas las marcas mencionadas en est<\/span><span class=\"s57\">a p\u00e1gina web <\/span><span class=\"s57\">pertenecen a sus respectivas empresas. Todos los productos, logotipos e im\u00e1genes mencionados en las p\u00e1ginas de est<\/span><span class=\"s57\">a p\u00e1gina web <\/span><span class=\"s57\">son propiedad de su marca respectiva. Las fotograf\u00edas que reproducen los productos no son contractuales.<\/span><\/p>\t\t\t\t\t\t<\/div>\n\t\t\t\t<\/div>\n\t\t\t\t<div class=\"elementor-element elementor-element-8f9ca21 elementor-widget elementor-widget-heading\" data-id=\"8f9ca21\" data-element_type=\"widget\" data-widget_type=\"heading.default\">\n\t\t\t\t<div class=\"elementor-widget-container\">\n\t\t\t<h2 class=\"elementor-heading-title elementor-size-default\">Aplicaci\u00f3n de la legislaci\u00f3n francesa<\/h2>\t\t<\/div>\n\t\t\t\t<\/div>\n\t\t\t\t<div class=\"elementor-element elementor-element-37e7f3b elementor-widget elementor-widget-text-editor\" data-id=\"37e7f3b\" data-element_type=\"widget\" data-widget_type=\"text-editor.default\">\n\t\t\t\t<div class=\"elementor-widget-container\">\n\t\t\t\t\t\t\t<p><span class=\"s57\">El incumplimiento de estas disposiciones expone al infractor a enjuiciamiento y sanciones penales. El presente documento se rige e interpreta de conformidad con la legislaci\u00f3n francesa y es de la competencia exclusiva de los tribunales franceses. Si una de las disposiciones del presente texto resultara nula, inv\u00e1lida o sin efecto jur\u00eddico, todas las dem\u00e1s disposiciones seguir\u00edan siendo aplicables.<\/span><\/p><p>\u00a0<\/p>\t\t\t\t\t\t<\/div>\n\t\t\t\t<\/div>\n\t\t\t\t\t<\/div>\n\t\t<\/div>\n\t\t\t\t\t\t\t<\/div>\n\t\t<\/section>\n\t\t\t\t\t\t\t<\/div>\n\t\t","protected":false},"excerpt":{"rendered":"<p>Aviso legal Pagina Web publicada por Ad4Screen S.A. con un capital de 540.300,00 Euros, cuya sede social se encuentra en 08, rue de Choiseul 75002 Par\u00eds Inscrita en el Registro Mercantil de PAR\u00cdS con el n\u00famero B 525 153 904. N\u00famero de cat\u00e1logo : 525 153 904 00020. N\u00famero de IVA intracomunitario FR43 525 153 [&hellip;]<\/p>\n","protected":false},"author":1,"featured_media":0,"parent":0,"menu_order":0,"comment_status":"closed","ping_status":"closed","template":"","meta":{"footnotes":""},"class_list":["post-5611","page","type-page","status-publish","hentry"],"yoast_head":"<!-- This site is optimized with the Yoast SEO plugin v24.9 - https:\/\/yoast.com\/wordpress\/plugins\/seo\/ -->\n<title>Aviso legal - Ad4screen<\/title>\n<meta name=\"robots\" content=\"noindex, follow\" \/>\n<meta property=\"og:locale\" content=\"es_ES\" \/>\n<meta property=\"og:type\" content=\"article\" \/>\n<meta property=\"og:title\" content=\"Aviso legal - Ad4screen\" \/>\n<meta property=\"og:description\" content=\"Aviso legal Pagina Web publicada por Ad4Screen S.A. con un capital de 540.300,00 Euros, cuya sede social se encuentra en 08, rue de Choiseul 75002 Par\u00eds Inscrita en el Registro Mercantil de PAR\u00cdS con el n\u00famero B 525 153 904. N\u00famero de cat\u00e1logo : 525 153 904 00020. N\u00famero de IVA intracomunitario FR43 525 153 [&hellip;]\" \/>\n<meta property=\"og:url\" content=\"https:\/\/ad4screen.com\/es\/aviso-legal\" \/>\n<meta property=\"og:site_name\" content=\"Ad4screen\" \/>\n<meta property=\"article:publisher\" content=\"https:\/\/www.facebook.com\/AD4SCREEN\" \/>\n<meta property=\"article:modified_time\" content=\"2024-07-31T14:04:35+00:00\" \/>\n<meta name=\"twitter:card\" content=\"summary_large_image\" \/>\n<meta name=\"twitter:site\" content=\"@Ad4Screen\" \/>\n<meta name=\"twitter:label1\" content=\"Tiempo de lectura\" \/>\n\t<meta name=\"twitter:data1\" content=\"3 minutos\" \/>\n<script type=\"application\/ld+json\" class=\"yoast-schema-graph\">{\"@context\":\"https:\/\/schema.org\",\"@graph\":[{\"@type\":\"WebPage\",\"@id\":\"https:\/\/ad4screen.com\/es\/aviso-legal\",\"url\":\"https:\/\/ad4screen.com\/es\/aviso-legal\",\"name\":\"Aviso legal - Ad4screen\",\"isPartOf\":{\"@id\":\"https:\/\/ad4screen.com\/#website\"},\"datePublished\":\"2021-05-14T08:30:02+00:00\",\"dateModified\":\"2024-07-31T14:04:35+00:00\",\"breadcrumb\":{\"@id\":\"https:\/\/ad4screen.com\/es\/aviso-legal#breadcrumb\"},\"inLanguage\":\"es\",\"potentialAction\":[{\"@type\":\"ReadAction\",\"target\":[\"https:\/\/ad4screen.com\/es\/aviso-legal\"]}]},{\"@type\":\"BreadcrumbList\",\"@id\":\"https:\/\/ad4screen.com\/es\/aviso-legal#breadcrumb\",\"itemListElement\":[{\"@type\":\"ListItem\",\"position\":1,\"name\":\"Accueil\",\"item\":\"https:\/\/ad4screen.com\/es\/\"},{\"@type\":\"ListItem\",\"position\":2,\"name\":\"Aviso legal\"}]},{\"@type\":\"WebSite\",\"@id\":\"https:\/\/ad4screen.com\/#website\",\"url\":\"https:\/\/ad4screen.com\/\",\"name\":\"Ad4screen\",\"description\":\"\",\"publisher\":{\"@id\":\"https:\/\/ad4screen.com\/#organization\"},\"potentialAction\":[{\"@type\":\"SearchAction\",\"target\":{\"@type\":\"EntryPoint\",\"urlTemplate\":\"https:\/\/ad4screen.com\/?s={search_term_string}\"},\"query-input\":{\"@type\":\"PropertyValueSpecification\",\"valueRequired\":true,\"valueName\":\"search_term_string\"}}],\"inLanguage\":\"es\"},{\"@type\":\"Organization\",\"@id\":\"https:\/\/ad4screen.com\/#organization\",\"name\":\"Ad4screen\",\"url\":\"https:\/\/ad4screen.com\/\",\"logo\":{\"@type\":\"ImageObject\",\"inLanguage\":\"es\",\"@id\":\"https:\/\/ad4screen.com\/#\/schema\/logo\/image\/\",\"url\":\"https:\/\/ad4screen.com\/wp-content\/uploads\/2021\/05\/cropped-favicon-1.png\",\"contentUrl\":\"https:\/\/ad4screen.com\/wp-content\/uploads\/2021\/05\/cropped-favicon-1.png\",\"width\":512,\"height\":512,\"caption\":\"Ad4screen\"},\"image\":{\"@id\":\"https:\/\/ad4screen.com\/#\/schema\/logo\/image\/\"},\"sameAs\":[\"https:\/\/www.facebook.com\/AD4SCREEN\",\"https:\/\/x.com\/Ad4Screen\",\"https:\/\/www.linkedin.com\/company\/ad4screen\"]}]}<\/script>\n<!-- \/ Yoast SEO plugin. -->","yoast_head_json":{"title":"Aviso legal - Ad4screen","robots":{"index":"noindex","follow":"follow"},"og_locale":"es_ES","og_type":"article","og_title":"Aviso legal - Ad4screen","og_description":"Aviso legal Pagina Web publicada por Ad4Screen S.A. con un capital de 540.300,00 Euros, cuya sede social se encuentra en 08, rue de Choiseul 75002 Par\u00eds Inscrita en el Registro Mercantil de PAR\u00cdS con el n\u00famero B 525 153 904. N\u00famero de cat\u00e1logo : 525 153 904 00020. N\u00famero de IVA intracomunitario FR43 525 153 [&hellip;]","og_url":"https:\/\/ad4screen.com\/es\/aviso-legal","og_site_name":"Ad4screen","article_publisher":"https:\/\/www.facebook.com\/AD4SCREEN","article_modified_time":"2024-07-31T14:04:35+00:00","twitter_card":"summary_large_image","twitter_site":"@Ad4Screen","twitter_misc":{"Tiempo de lectura":"3 minutos"},"schema":{"@context":"https:\/\/schema.org","@graph":[{"@type":"WebPage","@id":"https:\/\/ad4screen.com\/es\/aviso-legal","url":"https:\/\/ad4screen.com\/es\/aviso-legal","name":"Aviso legal - Ad4screen","isPartOf":{"@id":"https:\/\/ad4screen.com\/#website"},"datePublished":"2021-05-14T08:30:02+00:00","dateModified":"2024-07-31T14:04:35+00:00","breadcrumb":{"@id":"https:\/\/ad4screen.com\/es\/aviso-legal#breadcrumb"},"inLanguage":"es","potentialAction":[{"@type":"ReadAction","target":["https:\/\/ad4screen.com\/es\/aviso-legal"]}]},{"@type":"BreadcrumbList","@id":"https:\/\/ad4screen.com\/es\/aviso-legal#breadcrumb","itemListElement":[{"@type":"ListItem","position":1,"name":"Accueil","item":"https:\/\/ad4screen.com\/es\/"},{"@type":"ListItem","position":2,"name":"Aviso legal"}]},{"@type":"WebSite","@id":"https:\/\/ad4screen.com\/#website","url":"https:\/\/ad4screen.com\/","name":"Ad4screen","description":"","publisher":{"@id":"https:\/\/ad4screen.com\/#organization"},"potentialAction":[{"@type":"SearchAction","target":{"@type":"EntryPoint","urlTemplate":"https:\/\/ad4screen.com\/?s={search_term_string}"},"query-input":{"@type":"PropertyValueSpecification","valueRequired":true,"valueName":"search_term_string"}}],"inLanguage":"es"},{"@type":"Organization","@id":"https:\/\/ad4screen.com\/#organization","name":"Ad4screen","url":"https:\/\/ad4screen.com\/","logo":{"@type":"ImageObject","inLanguage":"es","@id":"https:\/\/ad4screen.com\/#\/schema\/logo\/image\/","url":"https:\/\/ad4screen.com\/wp-content\/uploads\/2021\/05\/cropped-favicon-1.png","contentUrl":"https:\/\/ad4screen.com\/wp-content\/uploads\/2021\/05\/cropped-favicon-1.png","width":512,"height":512,"caption":"Ad4screen"},"image":{"@id":"https:\/\/ad4screen.com\/#\/schema\/logo\/image\/"},"sameAs":["https:\/\/www.facebook.com\/AD4SCREEN","https:\/\/x.com\/Ad4Screen","https:\/\/www.linkedin.com\/company\/ad4screen"]}]}},"_links":{"self":[{"href":"https:\/\/ad4screen.com\/es\/wp-json\/wp\/v2\/pages\/5611","targetHints":{"allow":["GET"]}}],"collection":[{"href":"https:\/\/ad4screen.com\/es\/wp-json\/wp\/v2\/pages"}],"about":[{"href":"https:\/\/ad4screen.com\/es\/wp-json\/wp\/v2\/types\/page"}],"author":[{"embeddable":true,"href":"https:\/\/ad4screen.com\/es\/wp-json\/wp\/v2\/users\/1"}],"replies":[{"embeddable":true,"href":"https:\/\/ad4screen.com\/es\/wp-json\/wp\/v2\/comments?post=5611"}],"version-history":[{"count":13,"href":"https:\/\/ad4screen.com\/es\/wp-json\/wp\/v2\/pages\/5611\/revisions"}],"predecessor-version":[{"id":7592,"href":"https:\/\/ad4screen.com\/es\/wp-json\/wp\/v2\/pages\/5611\/revisions\/7592"}],"wp:attachment":[{"href":"https:\/\/ad4screen.com\/es\/wp-json\/wp\/v2\/media?parent=5611"}],"curies":[{"name":"wp","href":"https:\/\/api.w.org\/{rel}","templated":true}]}}