{"id":5621,"date":"2021-05-13T15:23:01","date_gmt":"2021-05-13T15:23:01","guid":{"rendered":"https:\/\/ad4screen.com\/recrutement\/"},"modified":"2024-07-25T13:31:11","modified_gmt":"2024-07-25T13:31:11","slug":"recrutement","status":"publish","type":"page","link":"https:\/\/ad4screen.com\/es\/unase-a-nosotros\/","title":{"rendered":"Unase a nosotros"},"content":{"rendered":"\t\t<div data-elementor-type=\"wp-page\" data-elementor-id=\"5621\" class=\"elementor elementor-5621 elementor-752\">\n\t\t\t\t\t\t\t\t\t<section class=\"elementor-section elementor-top-section elementor-element elementor-element-4868fc4 elementor-section-height-min-height elementor-section-boxed elementor-section-height-default elementor-section-items-middle\" data-id=\"4868fc4\" data-element_type=\"section\" data-settings=\"{&quot;background_background&quot;:&quot;slideshow&quot;,&quot;background_slideshow_gallery&quot;:[{&quot;id&quot;:691,&quot;url&quot;:&quot;https:\\\/\\\/ad4screen.com\\\/wp-content\\\/uploads\\\/2021\\\/05\\\/background-header.jpeg&quot;}],&quot;background_slideshow_loop&quot;:&quot;yes&quot;,&quot;background_slideshow_slide_duration&quot;:5000,&quot;background_slideshow_slide_transition&quot;:&quot;fade&quot;,&quot;background_slideshow_transition_duration&quot;:500}\">\n\t\t\t\t\t\t<div class=\"elementor-container elementor-column-gap-default\">\n\t\t\t\t\t<div class=\"elementor-column elementor-col-100 elementor-top-column elementor-element elementor-element-ea6b4da\" data-id=\"ea6b4da\" data-element_type=\"column\">\n\t\t\t<div class=\"elementor-widget-wrap elementor-element-populated\">\n\t\t\t\t\t\t\t\t<div class=\"elementor-element elementor-element-2affd22 elementor-widget elementor-widget-heading\" data-id=\"2affd22\" data-element_type=\"widget\" data-widget_type=\"heading.default\">\n\t\t\t\t<div class=\"elementor-widget-container\">\n\t\t\t<h1 class=\"elementor-heading-title elementor-size-default\">Unase a nosotros<\/h1>\t\t<\/div>\n\t\t\t\t<\/div>\n\t\t\t\t<div class=\"elementor-element elementor-element-f02f636 elementor-widget elementor-widget-text-editor\" data-id=\"f02f636\" data-element_type=\"widget\" data-widget_type=\"text-editor.default\">\n\t\t\t\t<div class=\"elementor-widget-container\">\n\t\t\t\t\t\t\t\u00a1\u00danete al equipo de Ad4Screen, te estamos esperando!\t\t\t\t\t\t<\/div>\n\t\t\t\t<\/div>\n\t\t\t\t\t<\/div>\n\t\t<\/div>\n\t\t\t\t\t\t\t<\/div>\n\t\t<\/section>\n\t\t\t\t<section class=\"elementor-section elementor-top-section elementor-element elementor-element-2598e8f elementor-section-boxed elementor-section-height-default elementor-section-height-default\" data-id=\"2598e8f\" data-element_type=\"section\">\n\t\t\t\t\t\t<div class=\"elementor-container elementor-column-gap-default\">\n\t\t\t\t\t<div class=\"elementor-column elementor-col-100 elementor-top-column elementor-element elementor-element-3da9b75\" data-id=\"3da9b75\" data-element_type=\"column\">\n\t\t\t<div class=\"elementor-widget-wrap elementor-element-populated\">\n\t\t\t\t\t\t\t\t<div class=\"elementor-element elementor-element-aeac0d6 elementor-widget elementor-widget-text-editor\" data-id=\"aeac0d6\" data-element_type=\"widget\" data-widget_type=\"text-editor.default\">\n\t\t\t\t<div class=\"elementor-widget-container\">\n\t\t\t\t\t\t\tRECLUTAMIENTO\t\t\t\t\t\t<\/div>\n\t\t\t\t<\/div>\n\t\t\t\t<div class=\"elementor-element elementor-element-0053c6b elementor-widget elementor-widget-heading\" data-id=\"0053c6b\" data-element_type=\"widget\" data-widget_type=\"heading.default\">\n\t\t\t\t<div class=\"elementor-widget-container\">\n\t\t\t<h2 class=\"elementor-heading-title elementor-size-default\">\u00bfPor qu\u00e9 unirse a nosotros?<\/h2>\t\t<\/div>\n\t\t\t\t<\/div>\n\t\t\t\t<div class=\"elementor-element elementor-element-c42a0eb elementor-widget elementor-widget-text-editor\" data-id=\"c42a0eb\" data-element_type=\"widget\" data-widget_type=\"text-editor.default\">\n\t\t\t\t<div class=\"elementor-widget-container\">\n\t\t\t\t\t\t\tAl unirse a Ad4Screen, entraras en una agencia de tama\u00f1o humano, con expertos en marketing digital que apoya a sus clientes con todos los medios de Marketing Digital. El 70% de nuestro equipo son antiguos aprendices que han confiado en nosotros para su desarrollo profesional y a los que hemos ofrecido formaci\u00f3n y apoyo para un aumento de sus competencias. Ad4Screen es tambi\u00e9n y sobre todo un equipo de empleados sonrientes que siempre est\u00e1n dispuestos a pasar tiempo juntos despu\u00e9s del trabajo.\t\t\t\t\t\t<\/div>\n\t\t\t\t<\/div>\n\t\t\t\t<div class=\"elementor-element elementor-element-896b737 elementor-widget elementor-widget-text-editor\" data-id=\"896b737\" data-element_type=\"widget\" data-widget_type=\"text-editor.default\">\n\t\t\t\t<div class=\"elementor-widget-container\">\n\t\t\t\t\t\t\t<p style=\"text-align: center;\">\u00a1As\u00ed que \u00fanete a nosotros ahora! \ud83d\ude42<\/p>\t\t\t\t\t\t<\/div>\n\t\t\t\t<\/div>\n\t\t\t\t\t<\/div>\n\t\t<\/div>\n\t\t\t\t\t\t\t<\/div>\n\t\t<\/section>\n\t\t\t\t<section class=\"elementor-section elementor-top-section elementor-element elementor-element-7a3e526 elementor-section-boxed elementor-section-height-default elementor-section-height-default\" data-id=\"7a3e526\" data-element_type=\"section\">\n\t\t\t\t\t\t<div class=\"elementor-container elementor-column-gap-default\">\n\t\t\t\t\t<div class=\"elementor-column elementor-col-100 elementor-top-column elementor-element elementor-element-5ff4934\" data-id=\"5ff4934\" data-element_type=\"column\">\n\t\t\t<div class=\"elementor-widget-wrap elementor-element-populated\">\n\t\t\t\t\t\t\t\t<div class=\"elementor-element elementor-element-e7da578 elementor-widget elementor-widget-heading\" data-id=\"e7da578\" data-element_type=\"widget\" data-widget_type=\"heading.default\">\n\t\t\t\t<div class=\"elementor-widget-container\">\n\t\t\t<h2 class=\"elementor-heading-title elementor-size-default\">\u00bfQuieres hacer una solicitud espont\u00e1nea?<\/h2>\t\t<\/div>\n\t\t\t\t<\/div>\n\t\t\t\t<div class=\"elementor-element elementor-element-5aca425 elementor-widget elementor-widget-text-editor\" data-id=\"5aca425\" data-element_type=\"widget\" data-widget_type=\"text-editor.default\">\n\t\t\t\t<div class=\"elementor-widget-container\">\n\t\t\t\t\t\t\t<p>\u00bfTe gustar\u00eda unirte a nuestro equipo, pero no has visto la oferta que corresponde a tus habilidades?<\/p><p>\u00a0<\/p><p><strong>\u00a1No te asustes!<\/strong> Regularmente reclutamos nuevos perfiles en todos los equipos. As\u00ed que d\u00e9janos tu curr\u00edculo y tu carta de motivaci\u00f3n.<br \/>Te contestaremos lo antes posible.<\/p>\t\t\t\t\t\t<\/div>\n\t\t\t\t<\/div>\n\t\t\t\t\t<\/div>\n\t\t<\/div>\n\t\t\t\t\t\t\t<\/div>\n\t\t<\/section>\n\t\t\t\t<section class=\"elementor-section elementor-top-section elementor-element elementor-element-99540e2 elementor-section-boxed elementor-section-height-default elementor-section-height-default\" data-id=\"99540e2\" data-element_type=\"section\">\n\t\t\t\t\t\t<div class=\"elementor-container elementor-column-gap-default\">\n\t\t\t\t\t<div class=\"elementor-column elementor-col-100 elementor-top-column elementor-element elementor-element-73952d7\" data-id=\"73952d7\" data-element_type=\"column\">\n\t\t\t<div class=\"elementor-widget-wrap elementor-element-populated\">\n\t\t\t\t\t\t\t\t<div class=\"elementor-element elementor-element-63bb21a livres-blancs-page form-livre-blanc elementor-widget elementor-widget-shortcode\" data-id=\"63bb21a\" data-element_type=\"widget\" data-widget_type=\"shortcode.default\">\n\t\t\t\t<div class=\"elementor-widget-container\">\n\t\t\t\t\t<div class=\"elementor-shortcode\">\n\t\t\t\t\t<script>\n\t\t\t\t\t\twindow.hsFormsOnReady = window.hsFormsOnReady || [];\n\t\t\t\t\t\twindow.hsFormsOnReady.push(()=>{\n\t\t\t\t\t\t\thbspt.forms.create({\n\t\t\t\t\t\t\t\tportalId: 2539528,\n\t\t\t\t\t\t\t\tformId: \"63e0ddfd-f1de-455e-95a2-9517f87f78ff\",\n\t\t\t\t\t\t\t\ttarget: \"#hbspt-form-1775701765000-6036528008\",\n\t\t\t\t\t\t\t\tregion: \"na1\",\n\t\t\t\t\t\t\t\t\n\t\t\t\t\t\t})});\n\t\t\t\t\t<\/script>\n\t\t\t\t\t<div class=\"hbspt-form\" id=\"hbspt-form-1775701765000-6036528008\"><\/div><\/div>\n\t\t\t\t<\/div>\n\t\t\t\t<\/div>\n\t\t\t\t\t<\/div>\n\t\t<\/div>\n\t\t\t\t\t\t\t<\/div>\n\t\t<\/section>\n\t\t\t\t<section class=\"elementor-section elementor-top-section elementor-element elementor-element-cf11358 elementor-section-boxed elementor-section-height-default elementor-section-height-default\" data-id=\"cf11358\" data-element_type=\"section\" data-settings=\"{&quot;background_background&quot;:&quot;classic&quot;}\">\n\t\t\t\t\t\t<div class=\"elementor-container elementor-column-gap-default\">\n\t\t\t\t\t<div class=\"elementor-column elementor-col-100 elementor-top-column elementor-element elementor-element-5c107fc\" data-id=\"5c107fc\" data-element_type=\"column\">\n\t\t\t<div class=\"elementor-widget-wrap\">\n\t\t\t\t\t\t\t\t\t<\/div>\n\t\t<\/div>\n\t\t\t\t\t\t\t<\/div>\n\t\t<\/section>\n\t\t\t\t\t\t\t<\/div>\n\t\t","protected":false},"excerpt":{"rendered":"<p>Unase a nosotros \u00a1\u00danete al equipo de Ad4Screen, te estamos esperando!RECLUTAMIENTO \u00bfPor qu\u00e9 unirse a nosotros? Al unirse a Ad4Screen, entraras en una agencia de tama\u00f1o humano, con expertos en marketing digital que apoya a sus clientes con todos los medios de Marketing Digital. El 70% de nuestro equipo son antiguos aprendices que han confiado [&hellip;]<\/p>\n","protected":false},"author":1,"featured_media":4935,"parent":0,"menu_order":0,"comment_status":"closed","ping_status":"closed","template":"","meta":{"footnotes":""},"class_list":["post-5621","page","type-page","status-publish","has-post-thumbnail","hentry"],"yoast_head":"<!-- This site is optimized with the Yoast SEO plugin v24.9 - https:\/\/yoast.com\/wordpress\/plugins\/seo\/ -->\n<title>Recrutement | D\u00e9couvrez toutes nos derni\u00e8res offres et rejoignez-nous !<\/title>\n<meta name=\"description\" content=\"Notre \u00e9quipe recrutement est toujours \u00e0 la recherche de nouveaux profils. Vous souhaitez rejoindre les \u00e9quipes Ad4Screen ? C&#039;est par ici !\" \/>\n<meta name=\"robots\" content=\"index, follow, max-snippet:-1, max-image-preview:large, max-video-preview:-1\" \/>\n<link rel=\"canonical\" href=\"https:\/\/ad4screen.com\/es\/unase-a-nosotros\/\" \/>\n<meta property=\"og:locale\" content=\"es_ES\" \/>\n<meta property=\"og:type\" content=\"article\" \/>\n<meta property=\"og:title\" content=\"Recrutement | D\u00e9couvrez toutes nos derni\u00e8res offres et rejoignez-nous !\" \/>\n<meta property=\"og:description\" content=\"Notre \u00e9quipe recrutement est toujours \u00e0 la recherche de nouveaux profils. Vous souhaitez rejoindre les \u00e9quipes Ad4Screen ? C&#039;est par ici !\" \/>\n<meta property=\"og:url\" content=\"https:\/\/ad4screen.com\/es\/unase-a-nosotros\/\" \/>\n<meta property=\"og:site_name\" content=\"Ad4screen\" \/>\n<meta property=\"article:publisher\" content=\"https:\/\/www.facebook.com\/AD4SCREEN\" \/>\n<meta property=\"article:modified_time\" content=\"2024-07-25T13:31:11+00:00\" \/>\n<meta property=\"og:image\" content=\"https:\/\/ad4screen.com\/wp-content\/uploads\/2021\/05\/cropped-favicon-1.png\" \/>\n\t<meta property=\"og:image:width\" content=\"512\" \/>\n\t<meta property=\"og:image:height\" content=\"512\" \/>\n\t<meta property=\"og:image:type\" content=\"image\/png\" \/>\n<meta name=\"twitter:card\" content=\"summary_large_image\" \/>\n<meta name=\"twitter:site\" content=\"@Ad4Screen\" \/>\n<meta name=\"twitter:label1\" content=\"Tiempo de lectura\" \/>\n\t<meta name=\"twitter:data1\" content=\"6 minutos\" \/>\n<script type=\"application\/ld+json\" class=\"yoast-schema-graph\">{\"@context\":\"https:\/\/schema.org\",\"@graph\":[{\"@type\":\"WebPage\",\"@id\":\"https:\/\/ad4screen.com\/es\/unase-a-nosotros\/\",\"url\":\"https:\/\/ad4screen.com\/es\/unase-a-nosotros\/\",\"name\":\"Recrutement | D\u00e9couvrez toutes nos derni\u00e8res offres et rejoignez-nous !\",\"isPartOf\":{\"@id\":\"https:\/\/ad4screen.com\/#website\"},\"primaryImageOfPage\":{\"@id\":\"https:\/\/ad4screen.com\/es\/unase-a-nosotros\/#primaryimage\"},\"image\":{\"@id\":\"https:\/\/ad4screen.com\/es\/unase-a-nosotros\/#primaryimage\"},\"thumbnailUrl\":\"https:\/\/ad4screen.com\/wp-content\/uploads\/2021\/05\/cropped-favicon-1.png\",\"datePublished\":\"2021-05-13T15:23:01+00:00\",\"dateModified\":\"2024-07-25T13:31:11+00:00\",\"description\":\"Notre \u00e9quipe recrutement est toujours \u00e0 la recherche de nouveaux profils. Vous souhaitez rejoindre les \u00e9quipes Ad4Screen ? C'est par ici !\",\"breadcrumb\":{\"@id\":\"https:\/\/ad4screen.com\/es\/unase-a-nosotros\/#breadcrumb\"},\"inLanguage\":\"es\",\"potentialAction\":[{\"@type\":\"ReadAction\",\"target\":[\"https:\/\/ad4screen.com\/es\/unase-a-nosotros\/\"]}]},{\"@type\":\"ImageObject\",\"inLanguage\":\"es\",\"@id\":\"https:\/\/ad4screen.com\/es\/unase-a-nosotros\/#primaryimage\",\"url\":\"https:\/\/ad4screen.com\/wp-content\/uploads\/2021\/05\/cropped-favicon-1.png\",\"contentUrl\":\"https:\/\/ad4screen.com\/wp-content\/uploads\/2021\/05\/cropped-favicon-1.png\",\"width\":512,\"height\":512},{\"@type\":\"BreadcrumbList\",\"@id\":\"https:\/\/ad4screen.com\/es\/unase-a-nosotros\/#breadcrumb\",\"itemListElement\":[{\"@type\":\"ListItem\",\"position\":1,\"name\":\"Accueil\",\"item\":\"https:\/\/ad4screen.com\/es\/\"},{\"@type\":\"ListItem\",\"position\":2,\"name\":\"Unase a nosotros\"}]},{\"@type\":\"WebSite\",\"@id\":\"https:\/\/ad4screen.com\/#website\",\"url\":\"https:\/\/ad4screen.com\/\",\"name\":\"Ad4screen\",\"description\":\"\",\"publisher\":{\"@id\":\"https:\/\/ad4screen.com\/#organization\"},\"potentialAction\":[{\"@type\":\"SearchAction\",\"target\":{\"@type\":\"EntryPoint\",\"urlTemplate\":\"https:\/\/ad4screen.com\/?s={search_term_string}\"},\"query-input\":{\"@type\":\"PropertyValueSpecification\",\"valueRequired\":true,\"valueName\":\"search_term_string\"}}],\"inLanguage\":\"es\"},{\"@type\":\"Organization\",\"@id\":\"https:\/\/ad4screen.com\/#organization\",\"name\":\"Ad4screen\",\"url\":\"https:\/\/ad4screen.com\/\",\"logo\":{\"@type\":\"ImageObject\",\"inLanguage\":\"es\",\"@id\":\"https:\/\/ad4screen.com\/#\/schema\/logo\/image\/\",\"url\":\"https:\/\/ad4screen.com\/wp-content\/uploads\/2021\/05\/cropped-favicon-1.png\",\"contentUrl\":\"https:\/\/ad4screen.com\/wp-content\/uploads\/2021\/05\/cropped-favicon-1.png\",\"width\":512,\"height\":512,\"caption\":\"Ad4screen\"},\"image\":{\"@id\":\"https:\/\/ad4screen.com\/#\/schema\/logo\/image\/\"},\"sameAs\":[\"https:\/\/www.facebook.com\/AD4SCREEN\",\"https:\/\/x.com\/Ad4Screen\",\"https:\/\/www.linkedin.com\/company\/ad4screen\"]}]}<\/script>\n<!-- \/ Yoast SEO plugin. -->","yoast_head_json":{"title":"Recrutement | D\u00e9couvrez toutes nos derni\u00e8res offres et rejoignez-nous !","description":"Notre \u00e9quipe recrutement est toujours \u00e0 la recherche de nouveaux profils. Vous souhaitez rejoindre les \u00e9quipes Ad4Screen ? C'est par ici !","robots":{"index":"index","follow":"follow","max-snippet":"max-snippet:-1","max-image-preview":"max-image-preview:large","max-video-preview":"max-video-preview:-1"},"canonical":"https:\/\/ad4screen.com\/es\/unase-a-nosotros\/","og_locale":"es_ES","og_type":"article","og_title":"Recrutement | D\u00e9couvrez toutes nos derni\u00e8res offres et rejoignez-nous !","og_description":"Notre \u00e9quipe recrutement est toujours \u00e0 la recherche de nouveaux profils. Vous souhaitez rejoindre les \u00e9quipes Ad4Screen ? C'est par ici !","og_url":"https:\/\/ad4screen.com\/es\/unase-a-nosotros\/","og_site_name":"Ad4screen","article_publisher":"https:\/\/www.facebook.com\/AD4SCREEN","article_modified_time":"2024-07-25T13:31:11+00:00","og_image":[{"width":512,"height":512,"url":"https:\/\/ad4screen.com\/wp-content\/uploads\/2021\/05\/cropped-favicon-1.png","type":"image\/png"}],"twitter_card":"summary_large_image","twitter_site":"@Ad4Screen","twitter_misc":{"Tiempo de lectura":"6 minutos"},"schema":{"@context":"https:\/\/schema.org","@graph":[{"@type":"WebPage","@id":"https:\/\/ad4screen.com\/es\/unase-a-nosotros\/","url":"https:\/\/ad4screen.com\/es\/unase-a-nosotros\/","name":"Recrutement | D\u00e9couvrez toutes nos derni\u00e8res offres et rejoignez-nous !","isPartOf":{"@id":"https:\/\/ad4screen.com\/#website"},"primaryImageOfPage":{"@id":"https:\/\/ad4screen.com\/es\/unase-a-nosotros\/#primaryimage"},"image":{"@id":"https:\/\/ad4screen.com\/es\/unase-a-nosotros\/#primaryimage"},"thumbnailUrl":"https:\/\/ad4screen.com\/wp-content\/uploads\/2021\/05\/cropped-favicon-1.png","datePublished":"2021-05-13T15:23:01+00:00","dateModified":"2024-07-25T13:31:11+00:00","description":"Notre \u00e9quipe recrutement est toujours \u00e0 la recherche de nouveaux profils. Vous souhaitez rejoindre les \u00e9quipes Ad4Screen ? C'est par ici !","breadcrumb":{"@id":"https:\/\/ad4screen.com\/es\/unase-a-nosotros\/#breadcrumb"},"inLanguage":"es","potentialAction":[{"@type":"ReadAction","target":["https:\/\/ad4screen.com\/es\/unase-a-nosotros\/"]}]},{"@type":"ImageObject","inLanguage":"es","@id":"https:\/\/ad4screen.com\/es\/unase-a-nosotros\/#primaryimage","url":"https:\/\/ad4screen.com\/wp-content\/uploads\/2021\/05\/cropped-favicon-1.png","contentUrl":"https:\/\/ad4screen.com\/wp-content\/uploads\/2021\/05\/cropped-favicon-1.png","width":512,"height":512},{"@type":"BreadcrumbList","@id":"https:\/\/ad4screen.com\/es\/unase-a-nosotros\/#breadcrumb","itemListElement":[{"@type":"ListItem","position":1,"name":"Accueil","item":"https:\/\/ad4screen.com\/es\/"},{"@type":"ListItem","position":2,"name":"Unase a nosotros"}]},{"@type":"WebSite","@id":"https:\/\/ad4screen.com\/#website","url":"https:\/\/ad4screen.com\/","name":"Ad4screen","description":"","publisher":{"@id":"https:\/\/ad4screen.com\/#organization"},"potentialAction":[{"@type":"SearchAction","target":{"@type":"EntryPoint","urlTemplate":"https:\/\/ad4screen.com\/?s={search_term_string}"},"query-input":{"@type":"PropertyValueSpecification","valueRequired":true,"valueName":"search_term_string"}}],"inLanguage":"es"},{"@type":"Organization","@id":"https:\/\/ad4screen.com\/#organization","name":"Ad4screen","url":"https:\/\/ad4screen.com\/","logo":{"@type":"ImageObject","inLanguage":"es","@id":"https:\/\/ad4screen.com\/#\/schema\/logo\/image\/","url":"https:\/\/ad4screen.com\/wp-content\/uploads\/2021\/05\/cropped-favicon-1.png","contentUrl":"https:\/\/ad4screen.com\/wp-content\/uploads\/2021\/05\/cropped-favicon-1.png","width":512,"height":512,"caption":"Ad4screen"},"image":{"@id":"https:\/\/ad4screen.com\/#\/schema\/logo\/image\/"},"sameAs":["https:\/\/www.facebook.com\/AD4SCREEN","https:\/\/x.com\/Ad4Screen","https:\/\/www.linkedin.com\/company\/ad4screen"]}]}},"_links":{"self":[{"href":"https:\/\/ad4screen.com\/es\/wp-json\/wp\/v2\/pages\/5621","targetHints":{"allow":["GET"]}}],"collection":[{"href":"https:\/\/ad4screen.com\/es\/wp-json\/wp\/v2\/pages"}],"about":[{"href":"https:\/\/ad4screen.com\/es\/wp-json\/wp\/v2\/types\/page"}],"author":[{"embeddable":true,"href":"https:\/\/ad4screen.com\/es\/wp-json\/wp\/v2\/users\/1"}],"replies":[{"embeddable":true,"href":"https:\/\/ad4screen.com\/es\/wp-json\/wp\/v2\/comments?post=5621"}],"version-history":[{"count":12,"href":"https:\/\/ad4screen.com\/es\/wp-json\/wp\/v2\/pages\/5621\/revisions"}],"predecessor-version":[{"id":16569,"href":"https:\/\/ad4screen.com\/es\/wp-json\/wp\/v2\/pages\/5621\/revisions\/16569"}],"wp:featuredmedia":[{"embeddable":true,"href":"https:\/\/ad4screen.com\/es\/wp-json\/wp\/v2\/media\/4935"}],"wp:attachment":[{"href":"https:\/\/ad4screen.com\/es\/wp-json\/wp\/v2\/media?parent=5621"}],"curies":[{"name":"wp","href":"https:\/\/api.w.org\/{rel}","templated":true}]}}