{"id":5798,"date":"2021-05-28T08:47:35","date_gmt":"2021-05-28T08:47:35","guid":{"rendered":"https:\/\/ad4screen.com\/livres-blancs\/animation-client\/"},"modified":"2024-07-31T15:02:25","modified_gmt":"2024-07-31T15:02:25","slug":"animacion-cliente","status":"publish","type":"page","link":"https:\/\/ad4screen.com\/es\/livres-blancs\/livre-animation-client%E2%80%8B","title":{"rendered":"livre blanc Animation client\u200b"},"content":{"rendered":"\t\t<div data-elementor-type=\"wp-page\" data-elementor-id=\"5798\" class=\"elementor elementor-5798 elementor-2138\">\n\t\t\t\t\t\t\t\t\t<section class=\"elementor-section elementor-top-section elementor-element elementor-element-4868fc4 elementor-section-height-min-height elementor-section-boxed elementor-section-height-default elementor-section-items-middle\" data-id=\"4868fc4\" data-element_type=\"section\" data-settings=\"{&quot;background_background&quot;:&quot;slideshow&quot;,&quot;background_slideshow_gallery&quot;:[{&quot;id&quot;:691,&quot;url&quot;:&quot;https:\\\/\\\/ad4screen.com\\\/wp-content\\\/uploads\\\/2021\\\/05\\\/background-header.jpeg&quot;}],&quot;background_slideshow_loop&quot;:&quot;yes&quot;,&quot;background_slideshow_slide_duration&quot;:5000,&quot;background_slideshow_slide_transition&quot;:&quot;fade&quot;,&quot;background_slideshow_transition_duration&quot;:500}\">\n\t\t\t\t\t\t<div class=\"elementor-container elementor-column-gap-default\">\n\t\t\t\t\t<div class=\"elementor-column elementor-col-100 elementor-top-column elementor-element elementor-element-ea6b4da\" data-id=\"ea6b4da\" data-element_type=\"column\">\n\t\t\t<div class=\"elementor-widget-wrap elementor-element-populated\">\n\t\t\t\t\t\t\t\t<div class=\"elementor-element elementor-element-2affd22 elementor-widget elementor-widget-heading\" data-id=\"2affd22\" data-element_type=\"widget\" data-widget_type=\"heading.default\">\n\t\t\t\t<div class=\"elementor-widget-container\">\n\t\t\t<h1 class=\"elementor-heading-title elementor-size-default\">User Engagement<\/h1>\t\t<\/div>\n\t\t\t\t<\/div>\n\t\t\t\t<div class=\"elementor-element elementor-element-953e4ac elementor-widget elementor-widget-text-editor\" data-id=\"953e4ac\" data-element_type=\"widget\" data-widget_type=\"text-editor.default\">\n\t\t\t\t<div class=\"elementor-widget-container\">\n\t\t\t\t\t\t\t<p><span class=\"s57\">\u00bfQuiere aumentar <\/span><span class=\"s57\">su<\/span><span class=\"s57\"> reactividad y transformaci\u00f3n?<\/span><\/p>\t\t\t\t\t\t<\/div>\n\t\t\t\t<\/div>\n\t\t\t\t\t<\/div>\n\t\t<\/div>\n\t\t\t\t\t\t\t<\/div>\n\t\t<\/section>\n\t\t\t\t<section class=\"elementor-section elementor-top-section elementor-element elementor-element-6579d8e elementor-section-items-stretch elementor-section-height-min-height elementor-section-boxed elementor-section-height-default\" data-id=\"6579d8e\" data-element_type=\"section\" data-settings=\"{&quot;background_background&quot;:&quot;classic&quot;}\">\n\t\t\t\t\t\t\t<div class=\"elementor-background-overlay\"><\/div>\n\t\t\t\t\t\t\t<div class=\"elementor-container elementor-column-gap-default\">\n\t\t\t\t\t<div class=\"elementor-column elementor-col-50 elementor-top-column elementor-element elementor-element-39480e5\" data-id=\"39480e5\" data-element_type=\"column\">\n\t\t\t<div class=\"elementor-widget-wrap elementor-element-populated\">\n\t\t\t\t\t\t\t\t<div class=\"elementor-element elementor-element-2691f278 img-popup-asset elementor-widget elementor-widget-image\" data-id=\"2691f278\" data-element_type=\"widget\" data-widget_type=\"image.default\">\n\t\t\t\t<div class=\"elementor-widget-container\">\n\t\t\t\t\t\t\t\t\t\t\t\t\t\t\t<img fetchpriority=\"high\" decoding=\"async\" width=\"600\" height=\"600\" src=\"https:\/\/ad4screen.com\/wp-content\/uploads\/2021\/05\/LB-Animation-client-1-1.png\" class=\"attachment-large size-large wp-image-5179\" alt=\"\" srcset=\"https:\/\/ad4screen.com\/wp-content\/uploads\/2021\/05\/LB-Animation-client-1-1.png 600w, https:\/\/ad4screen.com\/wp-content\/uploads\/2021\/05\/LB-Animation-client-1-1-300x300.png 300w, https:\/\/ad4screen.com\/wp-content\/uploads\/2021\/05\/LB-Animation-client-1-1-150x150.png 150w\" sizes=\"(max-width: 600px) 100vw, 600px\" \/>\t\t\t\t\t\t\t\t\t\t\t\t\t\t\t<\/div>\n\t\t\t\t<\/div>\n\t\t\t\t<div class=\"elementor-element elementor-element-40da6cc4 elementor-widget elementor-widget-heading\" data-id=\"40da6cc4\" data-element_type=\"widget\" data-widget_type=\"heading.default\">\n\t\t\t\t<div class=\"elementor-widget-container\">\n\t\t\t<h2 class=\"elementor-heading-title elementor-size-default\">User Engagement<\/h2>\t\t<\/div>\n\t\t\t\t<\/div>\n\t\t\t\t<div class=\"elementor-element elementor-element-5a299d9 elementor-widget elementor-widget-text-editor\" data-id=\"5a299d9\" data-element_type=\"widget\" data-widget_type=\"text-editor.default\">\n\t\t\t\t<div class=\"elementor-widget-container\">\n\t\t\t\t\t\t\t<p><span class=\"s57\">\u00bfQuiere aumentar <\/span><span class=\"s57\">su<\/span><span class=\"s57\"> reactividad y transformaci\u00f3n? \u00a1Entonces <\/span><span class=\"s57\">comunique con<\/span> <span class=\"s57\">s<\/span><span class=\"s57\">us <\/span><span class=\"s57\">clientes y <\/span><span class=\"s57\">clientes<\/span><span class=\"s57\"> potenciales<\/span><span class=\"s57\"> en el m\u00f3vil creando momentos \u00fanicos! Concursos, <\/span><span class=\"s57\">tarjetas <\/span><span class=\"s57\">\u201crasca\u201d<\/span><span class=\"s57\">, <\/span><span class=\"s57\">realidad aumentada, <\/span><span class=\"s57\">etc<\/span><span class=\"s57\">&#8230; \u00a1Utili<\/span><span class=\"s57\">ce<\/span><span class=\"s57\"> todas las posibilidades que <\/span><span class=\"s57\">l<\/span><span class=\"s57\">e ofrece el m\u00f3vil! \u00a1<\/span><span class=\"s57\">Desc\u00e1rguese<\/span><span class=\"s57\">ahora nuestro <\/span><span class=\"s57\">E-Book<\/span><span class=\"s57\">!<\/span><\/p><p>\u00a0<\/p><p><span class=\"s57\">Sobre el programa:<\/span><\/p>\t\t\t\t\t\t<\/div>\n\t\t\t\t<\/div>\n\t\t\t\t<div class=\"elementor-element elementor-element-8f7daaf elementor-icon-list--layout-traditional elementor-list-item-link-full_width elementor-widget elementor-widget-icon-list\" data-id=\"8f7daaf\" data-element_type=\"widget\" data-widget_type=\"icon-list.default\">\n\t\t\t\t<div class=\"elementor-widget-container\">\n\t\t\t\t\t<ul class=\"elementor-icon-list-items\">\n\t\t\t\t\t\t\t<li class=\"elementor-icon-list-item\">\n\t\t\t\t\t\t\t\t\t\t\t<span class=\"elementor-icon-list-icon\">\n\t\t\t\t\t\t\t<i aria-hidden=\"true\" class=\"fas fa-circle\"><\/i>\t\t\t\t\t\t<\/span>\n\t\t\t\t\t\t\t\t\t\t<span class=\"elementor-icon-list-text\">Cifras clave del mercado m\u00f3vil<\/span>\n\t\t\t\t\t\t\t\t\t<\/li>\n\t\t\t\t\t\t\t\t<li class=\"elementor-icon-list-item\">\n\t\t\t\t\t\t\t\t\t\t\t<span class=\"elementor-icon-list-icon\">\n\t\t\t\t\t\t\t<i aria-hidden=\"true\" class=\"fas fa-circle\"><\/i>\t\t\t\t\t\t<\/span>\n\t\t\t\t\t\t\t\t\t\t<span class=\"elementor-icon-list-text\">Multidispositivo y conceptos innovadores<\/span>\n\t\t\t\t\t\t\t\t\t<\/li>\n\t\t\t\t\t\t\t\t<li class=\"elementor-icon-list-item\">\n\t\t\t\t\t\t\t\t\t\t\t<span class=\"elementor-icon-list-icon\">\n\t\t\t\t\t\t\t<i aria-hidden=\"true\" class=\"fas fa-circle\"><\/i>\t\t\t\t\t\t<\/span>\n\t\t\t\t\t\t\t\t\t\t<span class=\"elementor-icon-list-text\">Nuestros Study Cases<\/span>\n\t\t\t\t\t\t\t\t\t<\/li>\n\t\t\t\t\t\t<\/ul>\n\t\t\t\t<\/div>\n\t\t\t\t<\/div>\n\t\t\t\t\t<\/div>\n\t\t<\/div>\n\t\t\t\t<div class=\"elementor-column elementor-col-50 elementor-top-column elementor-element elementor-element-6b37377c\" data-id=\"6b37377c\" data-element_type=\"column\">\n\t\t\t<div class=\"elementor-widget-wrap elementor-element-populated\">\n\t\t\t\t\t\t\t\t<div class=\"elementor-element elementor-element-d7d389c form-livre-blanc elementor-widget elementor-widget-shortcode\" data-id=\"d7d389c\" data-element_type=\"widget\" data-widget_type=\"shortcode.default\">\n\t\t\t\t<div class=\"elementor-widget-container\">\n\t\t\t\t\t<div class=\"elementor-shortcode\">\n\t\t\t\t\t<script>\n\t\t\t\t\t\twindow.hsFormsOnReady = window.hsFormsOnReady || [];\n\t\t\t\t\t\twindow.hsFormsOnReady.push(()=>{\n\t\t\t\t\t\t\thbspt.forms.create({\n\t\t\t\t\t\t\t\tportalId: 2539528,\n\t\t\t\t\t\t\t\tformId: \"891a8812-afbe-4da6-b342-983b6283442d\",\n\t\t\t\t\t\t\t\ttarget: \"#hbspt-form-1774500380000-2319427914\",\n\t\t\t\t\t\t\t\tregion: \"na1\",\n\t\t\t\t\t\t\t\t\n\t\t\t\t\t\t})});\n\t\t\t\t\t<\/script>\n\t\t\t\t\t<div class=\"hbspt-form\" id=\"hbspt-form-1774500380000-2319427914\"><\/div><\/div>\n\t\t\t\t<\/div>\n\t\t\t\t<\/div>\n\t\t\t\t\t<\/div>\n\t\t<\/div>\n\t\t\t\t\t\t\t<\/div>\n\t\t<\/section>\n\t\t\t\t\t\t\t<\/div>\n\t\t","protected":false},"excerpt":{"rendered":"<p>User Engagement \u00bfQuiere aumentar su reactividad y transformaci\u00f3n? User Engagement \u00bfQuiere aumentar su reactividad y transformaci\u00f3n? \u00a1Entonces comunique con sus clientes y clientes potenciales en el m\u00f3vil creando momentos \u00fanicos! Concursos, tarjetas \u201crasca\u201d, realidad aumentada, etc&#8230; \u00a1Utilice todas las posibilidades que le ofrece el m\u00f3vil! \u00a1Desc\u00e1rgueseahora nuestro E-Book! Sobre el programa: Cifras clave del mercado [&hellip;]<\/p>\n","protected":false},"author":1,"featured_media":0,"parent":5572,"menu_order":0,"comment_status":"closed","ping_status":"closed","template":"","meta":{"footnotes":""},"class_list":["post-5798","page","type-page","status-publish","hentry"],"yoast_head":"<!-- This site is optimized with the Yoast SEO plugin v24.9 - https:\/\/yoast.com\/wordpress\/plugins\/seo\/ -->\n<title>Animaci\u00f3n cliente | Descubre c\u00f3mo aumentar tu reactividad.<\/title>\n<meta name=\"description\" content=\"\u00bfDesea animar a sus clientes y prospectos en m\u00f3vil creando momentos \u00fanicos? Entonces, descubra nuestro libro blanco sobre la animaci\u00f3n del cliente.\" \/>\n<meta name=\"robots\" content=\"index, follow, max-snippet:-1, max-image-preview:large, max-video-preview:-1\" \/>\n<link rel=\"canonical\" href=\"https:\/\/ad4screen.com\/es\/livres-blancs\/livre-animation-client%E2%80%8B\/\" \/>\n<meta property=\"og:locale\" content=\"es_ES\" \/>\n<meta property=\"og:type\" content=\"article\" \/>\n<meta property=\"og:title\" content=\"Animaci\u00f3n cliente | Descubre c\u00f3mo aumentar tu reactividad.\" \/>\n<meta property=\"og:description\" content=\"\u00bfDesea animar a sus clientes y prospectos en m\u00f3vil creando momentos \u00fanicos? Entonces, descubra nuestro libro blanco sobre la animaci\u00f3n del cliente.\" \/>\n<meta property=\"og:url\" content=\"https:\/\/ad4screen.com\/es\/livres-blancs\/livre-animation-client%E2%80%8B\" \/>\n<meta property=\"og:site_name\" content=\"Ad4screen\" \/>\n<meta property=\"article:publisher\" content=\"https:\/\/www.facebook.com\/AD4SCREEN\" \/>\n<meta property=\"article:modified_time\" content=\"2024-07-31T15:02:25+00:00\" \/>\n<meta property=\"og:image\" content=\"https:\/\/ad4screen.com\/wp-content\/uploads\/2021\/05\/LB-Animation-client-1-1.png\" \/>\n<meta name=\"twitter:card\" content=\"summary_large_image\" \/>\n<meta name=\"twitter:site\" content=\"@Ad4Screen\" \/>\n<meta name=\"twitter:label1\" content=\"Tiempo de lectura\" \/>\n\t<meta name=\"twitter:data1\" content=\"3 minutos\" \/>\n<script type=\"application\/ld+json\" class=\"yoast-schema-graph\">{\"@context\":\"https:\/\/schema.org\",\"@graph\":[{\"@type\":\"WebPage\",\"@id\":\"https:\/\/ad4screen.com\/es\/livres-blancs\/livre-animation-client%E2%80%8B\",\"url\":\"https:\/\/ad4screen.com\/es\/livres-blancs\/livre-animation-client%E2%80%8B\",\"name\":\"Animaci\u00f3n cliente | Descubre c\u00f3mo aumentar tu reactividad.\",\"isPartOf\":{\"@id\":\"https:\/\/ad4screen.com\/#website\"},\"primaryImageOfPage\":{\"@id\":\"https:\/\/ad4screen.com\/es\/livres-blancs\/livre-animation-client%E2%80%8B#primaryimage\"},\"image\":{\"@id\":\"https:\/\/ad4screen.com\/es\/livres-blancs\/livre-animation-client%E2%80%8B#primaryimage\"},\"thumbnailUrl\":\"https:\/\/ad4screen.com\/wp-content\/uploads\/2021\/05\/LB-Animation-client-1-1.png\",\"datePublished\":\"2021-05-28T08:47:35+00:00\",\"dateModified\":\"2024-07-31T15:02:25+00:00\",\"description\":\"\u00bfDesea animar a sus clientes y prospectos en m\u00f3vil creando momentos \u00fanicos? Entonces, descubra nuestro libro blanco sobre la animaci\u00f3n del cliente.\",\"breadcrumb\":{\"@id\":\"https:\/\/ad4screen.com\/es\/livres-blancs\/livre-animation-client%E2%80%8B#breadcrumb\"},\"inLanguage\":\"es\",\"potentialAction\":[{\"@type\":\"ReadAction\",\"target\":[\"https:\/\/ad4screen.com\/es\/livres-blancs\/livre-animation-client%E2%80%8B\"]}]},{\"@type\":\"ImageObject\",\"inLanguage\":\"es\",\"@id\":\"https:\/\/ad4screen.com\/es\/livres-blancs\/livre-animation-client%E2%80%8B#primaryimage\",\"url\":\"https:\/\/ad4screen.com\/wp-content\/uploads\/2021\/05\/LB-Animation-client-1-1.png\",\"contentUrl\":\"https:\/\/ad4screen.com\/wp-content\/uploads\/2021\/05\/LB-Animation-client-1-1.png\"},{\"@type\":\"BreadcrumbList\",\"@id\":\"https:\/\/ad4screen.com\/es\/livres-blancs\/livre-animation-client%E2%80%8B#breadcrumb\",\"itemListElement\":[{\"@type\":\"ListItem\",\"position\":1,\"name\":\"Accueil\",\"item\":\"https:\/\/ad4screen.com\/es\/\"},{\"@type\":\"ListItem\",\"position\":2,\"name\":\"Libros Blancos\",\"item\":\"https:\/\/ad4screen.com\/es\/librosblancos\/\"},{\"@type\":\"ListItem\",\"position\":3,\"name\":\"livre blanc Animation client\u200b\"}]},{\"@type\":\"WebSite\",\"@id\":\"https:\/\/ad4screen.com\/#website\",\"url\":\"https:\/\/ad4screen.com\/\",\"name\":\"Ad4screen\",\"description\":\"\",\"publisher\":{\"@id\":\"https:\/\/ad4screen.com\/#organization\"},\"potentialAction\":[{\"@type\":\"SearchAction\",\"target\":{\"@type\":\"EntryPoint\",\"urlTemplate\":\"https:\/\/ad4screen.com\/?s={search_term_string}\"},\"query-input\":{\"@type\":\"PropertyValueSpecification\",\"valueRequired\":true,\"valueName\":\"search_term_string\"}}],\"inLanguage\":\"es\"},{\"@type\":\"Organization\",\"@id\":\"https:\/\/ad4screen.com\/#organization\",\"name\":\"Ad4screen\",\"url\":\"https:\/\/ad4screen.com\/\",\"logo\":{\"@type\":\"ImageObject\",\"inLanguage\":\"es\",\"@id\":\"https:\/\/ad4screen.com\/#\/schema\/logo\/image\/\",\"url\":\"https:\/\/ad4screen.com\/wp-content\/uploads\/2021\/05\/cropped-favicon-1.png\",\"contentUrl\":\"https:\/\/ad4screen.com\/wp-content\/uploads\/2021\/05\/cropped-favicon-1.png\",\"width\":512,\"height\":512,\"caption\":\"Ad4screen\"},\"image\":{\"@id\":\"https:\/\/ad4screen.com\/#\/schema\/logo\/image\/\"},\"sameAs\":[\"https:\/\/www.facebook.com\/AD4SCREEN\",\"https:\/\/x.com\/Ad4Screen\",\"https:\/\/www.linkedin.com\/company\/ad4screen\"]}]}<\/script>\n<!-- \/ Yoast SEO plugin. -->","yoast_head_json":{"title":"Animaci\u00f3n cliente | Descubre c\u00f3mo aumentar tu reactividad.","description":"\u00bfDesea animar a sus clientes y prospectos en m\u00f3vil creando momentos \u00fanicos? Entonces, descubra nuestro libro blanco sobre la animaci\u00f3n del cliente.","robots":{"index":"index","follow":"follow","max-snippet":"max-snippet:-1","max-image-preview":"max-image-preview:large","max-video-preview":"max-video-preview:-1"},"canonical":"https:\/\/ad4screen.com\/es\/livres-blancs\/livre-animation-client%E2%80%8B\/","og_locale":"es_ES","og_type":"article","og_title":"Animaci\u00f3n cliente | Descubre c\u00f3mo aumentar tu reactividad.","og_description":"\u00bfDesea animar a sus clientes y prospectos en m\u00f3vil creando momentos \u00fanicos? Entonces, descubra nuestro libro blanco sobre la animaci\u00f3n del cliente.","og_url":"https:\/\/ad4screen.com\/es\/livres-blancs\/livre-animation-client%E2%80%8B","og_site_name":"Ad4screen","article_publisher":"https:\/\/www.facebook.com\/AD4SCREEN","article_modified_time":"2024-07-31T15:02:25+00:00","og_image":[{"url":"https:\/\/ad4screen.com\/wp-content\/uploads\/2021\/05\/LB-Animation-client-1-1.png","type":"","width":"","height":""}],"twitter_card":"summary_large_image","twitter_site":"@Ad4Screen","twitter_misc":{"Tiempo de lectura":"3 minutos"},"schema":{"@context":"https:\/\/schema.org","@graph":[{"@type":"WebPage","@id":"https:\/\/ad4screen.com\/es\/livres-blancs\/livre-animation-client%E2%80%8B","url":"https:\/\/ad4screen.com\/es\/livres-blancs\/livre-animation-client%E2%80%8B","name":"Animaci\u00f3n cliente | Descubre c\u00f3mo aumentar tu reactividad.","isPartOf":{"@id":"https:\/\/ad4screen.com\/#website"},"primaryImageOfPage":{"@id":"https:\/\/ad4screen.com\/es\/livres-blancs\/livre-animation-client%E2%80%8B#primaryimage"},"image":{"@id":"https:\/\/ad4screen.com\/es\/livres-blancs\/livre-animation-client%E2%80%8B#primaryimage"},"thumbnailUrl":"https:\/\/ad4screen.com\/wp-content\/uploads\/2021\/05\/LB-Animation-client-1-1.png","datePublished":"2021-05-28T08:47:35+00:00","dateModified":"2024-07-31T15:02:25+00:00","description":"\u00bfDesea animar a sus clientes y prospectos en m\u00f3vil creando momentos \u00fanicos? Entonces, descubra nuestro libro blanco sobre la animaci\u00f3n del cliente.","breadcrumb":{"@id":"https:\/\/ad4screen.com\/es\/livres-blancs\/livre-animation-client%E2%80%8B#breadcrumb"},"inLanguage":"es","potentialAction":[{"@type":"ReadAction","target":["https:\/\/ad4screen.com\/es\/livres-blancs\/livre-animation-client%E2%80%8B"]}]},{"@type":"ImageObject","inLanguage":"es","@id":"https:\/\/ad4screen.com\/es\/livres-blancs\/livre-animation-client%E2%80%8B#primaryimage","url":"https:\/\/ad4screen.com\/wp-content\/uploads\/2021\/05\/LB-Animation-client-1-1.png","contentUrl":"https:\/\/ad4screen.com\/wp-content\/uploads\/2021\/05\/LB-Animation-client-1-1.png"},{"@type":"BreadcrumbList","@id":"https:\/\/ad4screen.com\/es\/livres-blancs\/livre-animation-client%E2%80%8B#breadcrumb","itemListElement":[{"@type":"ListItem","position":1,"name":"Accueil","item":"https:\/\/ad4screen.com\/es\/"},{"@type":"ListItem","position":2,"name":"Libros Blancos","item":"https:\/\/ad4screen.com\/es\/librosblancos\/"},{"@type":"ListItem","position":3,"name":"livre blanc Animation client\u200b"}]},{"@type":"WebSite","@id":"https:\/\/ad4screen.com\/#website","url":"https:\/\/ad4screen.com\/","name":"Ad4screen","description":"","publisher":{"@id":"https:\/\/ad4screen.com\/#organization"},"potentialAction":[{"@type":"SearchAction","target":{"@type":"EntryPoint","urlTemplate":"https:\/\/ad4screen.com\/?s={search_term_string}"},"query-input":{"@type":"PropertyValueSpecification","valueRequired":true,"valueName":"search_term_string"}}],"inLanguage":"es"},{"@type":"Organization","@id":"https:\/\/ad4screen.com\/#organization","name":"Ad4screen","url":"https:\/\/ad4screen.com\/","logo":{"@type":"ImageObject","inLanguage":"es","@id":"https:\/\/ad4screen.com\/#\/schema\/logo\/image\/","url":"https:\/\/ad4screen.com\/wp-content\/uploads\/2021\/05\/cropped-favicon-1.png","contentUrl":"https:\/\/ad4screen.com\/wp-content\/uploads\/2021\/05\/cropped-favicon-1.png","width":512,"height":512,"caption":"Ad4screen"},"image":{"@id":"https:\/\/ad4screen.com\/#\/schema\/logo\/image\/"},"sameAs":["https:\/\/www.facebook.com\/AD4SCREEN","https:\/\/x.com\/Ad4Screen","https:\/\/www.linkedin.com\/company\/ad4screen"]}]}},"_links":{"self":[{"href":"https:\/\/ad4screen.com\/es\/wp-json\/wp\/v2\/pages\/5798","targetHints":{"allow":["GET"]}}],"collection":[{"href":"https:\/\/ad4screen.com\/es\/wp-json\/wp\/v2\/pages"}],"about":[{"href":"https:\/\/ad4screen.com\/es\/wp-json\/wp\/v2\/types\/page"}],"author":[{"embeddable":true,"href":"https:\/\/ad4screen.com\/es\/wp-json\/wp\/v2\/users\/1"}],"replies":[{"embeddable":true,"href":"https:\/\/ad4screen.com\/es\/wp-json\/wp\/v2\/comments?post=5798"}],"version-history":[{"count":5,"href":"https:\/\/ad4screen.com\/es\/wp-json\/wp\/v2\/pages\/5798\/revisions"}],"predecessor-version":[{"id":16803,"href":"https:\/\/ad4screen.com\/es\/wp-json\/wp\/v2\/pages\/5798\/revisions\/16803"}],"up":[{"embeddable":true,"href":"https:\/\/ad4screen.com\/es\/wp-json\/wp\/v2\/pages\/5572"}],"wp:attachment":[{"href":"https:\/\/ad4screen.com\/es\/wp-json\/wp\/v2\/media?parent=5798"}],"curies":[{"name":"wp","href":"https:\/\/api.w.org\/{rel}","templated":true}]}}